{"id":13261,"date":"2023-05-25T11:34:11","date_gmt":"2023-05-25T09:34:11","guid":{"rendered":"https:\/\/www.futurealgroup.com\/?page_id=13261"},"modified":"2026-02-26T16:20:48","modified_gmt":"2026-02-26T15:20:48","slug":"budapest-one-well-informaciok","status":"publish","type":"page","link":"https:\/\/www.futurealgroup.com\/hu\/budapest-one-well-informaciok\/","title":{"rendered":"Budapest ONE WELL inform\u00e1ci\u00f3k"},"content":{"rendered":"","protected":false},"excerpt":{"rendered":"","protected":false},"author":1,"featured_media":13262,"parent":0,"menu_order":0,"comment_status":"closed","ping_status":"closed","template":"template-water.php","meta":{"_acf_changed":false,"inline_featured_image":false,"footnotes":""},"class_list":["post-13261","page","type-page","status-publish","has-post-thumbnail","hentry"],"acf":[],"yoast_head":"<!-- This site is optimized with the Yoast SEO plugin v27.6 - https:\/\/yoast.com\/product\/yoast-seo-wordpress\/ -->\n<title>Budapest ONE WELL inform\u00e1ci\u00f3k - Futureal<\/title>\n<meta name=\"robots\" content=\"index, follow, max-snippet:-1, max-image-preview:large, max-video-preview:-1\" \/>\n<link rel=\"canonical\" href=\"https:\/\/www.futurealgroup.com\/hu\/budapest-one-well-informaciok\/\" \/>\n<meta property=\"og:locale\" content=\"hu_HU\" \/>\n<meta property=\"og:type\" content=\"article\" \/>\n<meta property=\"og:title\" content=\"Budapest ONE WELL inform\u00e1ci\u00f3k - Futureal\" \/>\n<meta property=\"og:url\" content=\"https:\/\/www.futurealgroup.com\/hu\/budapest-one-well-informaciok\/\" \/>\n<meta property=\"og:site_name\" content=\"Futureal\" \/>\n<meta property=\"article:modified_time\" content=\"2026-02-26T15:20:48+00:00\" \/>\n<meta property=\"og:image\" content=\"https:\/\/www.futurealgroup.com\/wp-content\/uploads\/2023\/05\/one-1.jpeg\" \/>\n\t<meta property=\"og:image:width\" content=\"1920\" \/>\n\t<meta property=\"og:image:height\" content=\"1080\" \/>\n\t<meta property=\"og:image:type\" content=\"image\/jpeg\" \/>\n<meta name=\"twitter:card\" content=\"summary_large_image\" \/>\n<meta name=\"twitter:label1\" content=\"Becs\u00fclt olvas\u00e1si id\u0151\" \/>\n\t<meta name=\"twitter:data1\" content=\"1 perc\" \/>\n<script type=\"application\/ld+json\" class=\"yoast-schema-graph\">{\"@context\":\"https:\\\/\\\/schema.org\",\"@graph\":[{\"@type\":\"WebPage\",\"@id\":\"https:\\\/\\\/www.futurealgroup.com\\\/hu\\\/budapest-one-well-informaciok\\\/\",\"url\":\"https:\\\/\\\/www.futurealgroup.com\\\/hu\\\/budapest-one-well-informaciok\\\/\",\"name\":\"Budapest ONE WELL inform\u00e1ci\u00f3k - Futureal\",\"isPartOf\":{\"@id\":\"https:\\\/\\\/www.futurealgroup.com\\\/hu\\\/#website\"},\"primaryImageOfPage\":{\"@id\":\"https:\\\/\\\/www.futurealgroup.com\\\/hu\\\/budapest-one-well-informaciok\\\/#primaryimage\"},\"image\":{\"@id\":\"https:\\\/\\\/www.futurealgroup.com\\\/hu\\\/budapest-one-well-informaciok\\\/#primaryimage\"},\"thumbnailUrl\":\"https:\\\/\\\/www.futurealgroup.com\\\/wp-content\\\/uploads\\\/2023\\\/05\\\/one-1.jpeg\",\"datePublished\":\"2023-05-25T09:34:11+00:00\",\"dateModified\":\"2026-02-26T15:20:48+00:00\",\"breadcrumb\":{\"@id\":\"https:\\\/\\\/www.futurealgroup.com\\\/hu\\\/budapest-one-well-informaciok\\\/#breadcrumb\"},\"inLanguage\":\"hu\",\"potentialAction\":[{\"@type\":\"ReadAction\",\"target\":[\"https:\\\/\\\/www.futurealgroup.com\\\/hu\\\/budapest-one-well-informaciok\\\/\"]}]},{\"@type\":\"ImageObject\",\"inLanguage\":\"hu\",\"@id\":\"https:\\\/\\\/www.futurealgroup.com\\\/hu\\\/budapest-one-well-informaciok\\\/#primaryimage\",\"url\":\"https:\\\/\\\/www.futurealgroup.com\\\/wp-content\\\/uploads\\\/2023\\\/05\\\/one-1.jpeg\",\"contentUrl\":\"https:\\\/\\\/www.futurealgroup.com\\\/wp-content\\\/uploads\\\/2023\\\/05\\\/one-1.jpeg\",\"width\":1920,\"height\":1080},{\"@type\":\"BreadcrumbList\",\"@id\":\"https:\\\/\\\/www.futurealgroup.com\\\/hu\\\/budapest-one-well-informaciok\\\/#breadcrumb\",\"itemListElement\":[{\"@type\":\"ListItem\",\"position\":1,\"name\":\"Home\",\"item\":\"https:\\\/\\\/www.futurealgroup.com\\\/hu\\\/\"},{\"@type\":\"ListItem\",\"position\":2,\"name\":\"Budapest ONE WELL inform\u00e1ci\u00f3k\"}]},{\"@type\":\"WebSite\",\"@id\":\"https:\\\/\\\/www.futurealgroup.com\\\/hu\\\/#website\",\"url\":\"https:\\\/\\\/www.futurealgroup.com\\\/hu\\\/\",\"name\":\"Futureal\",\"description\":\"Futureal Group\",\"publisher\":{\"@id\":\"https:\\\/\\\/www.futurealgroup.com\\\/hu\\\/#organization\"},\"potentialAction\":[{\"@type\":\"SearchAction\",\"target\":{\"@type\":\"EntryPoint\",\"urlTemplate\":\"https:\\\/\\\/www.futurealgroup.com\\\/hu\\\/?s={search_term_string}\"},\"query-input\":{\"@type\":\"PropertyValueSpecification\",\"valueRequired\":true,\"valueName\":\"search_term_string\"}}],\"inLanguage\":\"hu\"},{\"@type\":\"Organization\",\"@id\":\"https:\\\/\\\/www.futurealgroup.com\\\/hu\\\/#organization\",\"name\":\"Futureal Group\",\"url\":\"https:\\\/\\\/www.futurealgroup.com\\\/hu\\\/\",\"logo\":{\"@type\":\"ImageObject\",\"inLanguage\":\"hu\",\"@id\":\"https:\\\/\\\/www.futurealgroup.com\\\/hu\\\/#\\\/schema\\\/logo\\\/image\\\/\",\"url\":\"https:\\\/\\\/www.futurealgroup.com\\\/wp-content\\\/uploads\\\/2016\\\/11\\\/futureal_blue.png\",\"contentUrl\":\"https:\\\/\\\/www.futurealgroup.com\\\/wp-content\\\/uploads\\\/2016\\\/11\\\/futureal_blue.png\",\"width\":264,\"height\":26,\"caption\":\"Futureal Group\"},\"image\":{\"@id\":\"https:\\\/\\\/www.futurealgroup.com\\\/hu\\\/#\\\/schema\\\/logo\\\/image\\\/\"}}]}<\/script>\n<!-- \/ Yoast SEO plugin. -->","yoast_head_json":{"title":"Budapest ONE WELL inform\u00e1ci\u00f3k - Futureal","robots":{"index":"index","follow":"follow","max-snippet":"max-snippet:-1","max-image-preview":"max-image-preview:large","max-video-preview":"max-video-preview:-1"},"canonical":"https:\/\/www.futurealgroup.com\/hu\/budapest-one-well-informaciok\/","og_locale":"hu_HU","og_type":"article","og_title":"Budapest ONE WELL inform\u00e1ci\u00f3k - Futureal","og_url":"https:\/\/www.futurealgroup.com\/hu\/budapest-one-well-informaciok\/","og_site_name":"Futureal","article_modified_time":"2026-02-26T15:20:48+00:00","og_image":[{"width":1920,"height":1080,"url":"https:\/\/www.futurealgroup.com\/wp-content\/uploads\/2023\/05\/one-1.jpeg","type":"image\/jpeg"}],"twitter_card":"summary_large_image","twitter_misc":{"Becs\u00fclt olvas\u00e1si id\u0151":"1 perc"},"schema":{"@context":"https:\/\/schema.org","@graph":[{"@type":"WebPage","@id":"https:\/\/www.futurealgroup.com\/hu\/budapest-one-well-informaciok\/","url":"https:\/\/www.futurealgroup.com\/hu\/budapest-one-well-informaciok\/","name":"Budapest ONE WELL inform\u00e1ci\u00f3k - Futureal","isPartOf":{"@id":"https:\/\/www.futurealgroup.com\/hu\/#website"},"primaryImageOfPage":{"@id":"https:\/\/www.futurealgroup.com\/hu\/budapest-one-well-informaciok\/#primaryimage"},"image":{"@id":"https:\/\/www.futurealgroup.com\/hu\/budapest-one-well-informaciok\/#primaryimage"},"thumbnailUrl":"https:\/\/www.futurealgroup.com\/wp-content\/uploads\/2023\/05\/one-1.jpeg","datePublished":"2023-05-25T09:34:11+00:00","dateModified":"2026-02-26T15:20:48+00:00","breadcrumb":{"@id":"https:\/\/www.futurealgroup.com\/hu\/budapest-one-well-informaciok\/#breadcrumb"},"inLanguage":"hu","potentialAction":[{"@type":"ReadAction","target":["https:\/\/www.futurealgroup.com\/hu\/budapest-one-well-informaciok\/"]}]},{"@type":"ImageObject","inLanguage":"hu","@id":"https:\/\/www.futurealgroup.com\/hu\/budapest-one-well-informaciok\/#primaryimage","url":"https:\/\/www.futurealgroup.com\/wp-content\/uploads\/2023\/05\/one-1.jpeg","contentUrl":"https:\/\/www.futurealgroup.com\/wp-content\/uploads\/2023\/05\/one-1.jpeg","width":1920,"height":1080},{"@type":"BreadcrumbList","@id":"https:\/\/www.futurealgroup.com\/hu\/budapest-one-well-informaciok\/#breadcrumb","itemListElement":[{"@type":"ListItem","position":1,"name":"Home","item":"https:\/\/www.futurealgroup.com\/hu\/"},{"@type":"ListItem","position":2,"name":"Budapest ONE WELL inform\u00e1ci\u00f3k"}]},{"@type":"WebSite","@id":"https:\/\/www.futurealgroup.com\/hu\/#website","url":"https:\/\/www.futurealgroup.com\/hu\/","name":"Futureal","description":"Futureal Group","publisher":{"@id":"https:\/\/www.futurealgroup.com\/hu\/#organization"},"potentialAction":[{"@type":"SearchAction","target":{"@type":"EntryPoint","urlTemplate":"https:\/\/www.futurealgroup.com\/hu\/?s={search_term_string}"},"query-input":{"@type":"PropertyValueSpecification","valueRequired":true,"valueName":"search_term_string"}}],"inLanguage":"hu"},{"@type":"Organization","@id":"https:\/\/www.futurealgroup.com\/hu\/#organization","name":"Futureal Group","url":"https:\/\/www.futurealgroup.com\/hu\/","logo":{"@type":"ImageObject","inLanguage":"hu","@id":"https:\/\/www.futurealgroup.com\/hu\/#\/schema\/logo\/image\/","url":"https:\/\/www.futurealgroup.com\/wp-content\/uploads\/2016\/11\/futureal_blue.png","contentUrl":"https:\/\/www.futurealgroup.com\/wp-content\/uploads\/2016\/11\/futureal_blue.png","width":264,"height":26,"caption":"Futureal Group"},"image":{"@id":"https:\/\/www.futurealgroup.com\/hu\/#\/schema\/logo\/image\/"}}]}},"_links":{"self":[{"href":"https:\/\/www.futurealgroup.com\/hu\/wp-json\/wp\/v2\/pages\/13261","targetHints":{"allow":["GET"]}}],"collection":[{"href":"https:\/\/www.futurealgroup.com\/hu\/wp-json\/wp\/v2\/pages"}],"about":[{"href":"https:\/\/www.futurealgroup.com\/hu\/wp-json\/wp\/v2\/types\/page"}],"author":[{"embeddable":true,"href":"https:\/\/www.futurealgroup.com\/hu\/wp-json\/wp\/v2\/users\/1"}],"replies":[{"embeddable":true,"href":"https:\/\/www.futurealgroup.com\/hu\/wp-json\/wp\/v2\/comments?post=13261"}],"version-history":[{"count":66,"href":"https:\/\/www.futurealgroup.com\/hu\/wp-json\/wp\/v2\/pages\/13261\/revisions"}],"predecessor-version":[{"id":18040,"href":"https:\/\/www.futurealgroup.com\/hu\/wp-json\/wp\/v2\/pages\/13261\/revisions\/18040"}],"wp:featuredmedia":[{"embeddable":true,"href":"https:\/\/www.futurealgroup.com\/hu\/wp-json\/wp\/v2\/media\/13262"}],"wp:attachment":[{"href":"https:\/\/www.futurealgroup.com\/hu\/wp-json\/wp\/v2\/media?parent=13261"}],"curies":[{"name":"wp","href":"https:\/\/api.w.org\/{rel}","templated":true}]}}