{"id":16687,"date":"2025-12-09T14:56:33","date_gmt":"2025-12-09T13:56:33","guid":{"rendered":"https:\/\/www.futurealgroup.com\/?page_id=16687"},"modified":"2026-02-26T16:09:23","modified_gmt":"2026-02-26T15:09:23","slug":"visszaeles-bejelentes","status":"publish","type":"page","link":"https:\/\/www.futurealgroup.com\/hu\/visszaeles-bejelentes\/","title":{"rendered":"vissza\u00e9l\u00e9s-bejelent\u00e9s"},"content":{"rendered":"<p><strong>Fenntarthat\u00f3s\u00e1gi \u00e9s magatart\u00e1si panasz- \u00e9s vissza\u00e9l\u00e9sbejelent\u00e9s<\/strong><\/p>\n<p>A Futureal-csoport jogszer\u0171 \u00e9s prudens m\u0171k\u00f6d\u00e9s\u00e9nek biztos\u00edt\u00e1sa \u00e9rdek\u00e9ben vissza\u00e9l\u00e9s-bejelent\u00e9si rendszert m\u0171k\u00f6dtet, amelyen kereszt\u00fcl lehet\u0151s\u00e9g van a Futureal-csoport munkat\u00e1rsaival vagy vel\u00fcnk szerz\u0151d\u00e9ses jogviszonyban \u00e1ll\u00f3 \u00fczleti partnerrel kapcsolatban bejelent\u00e9st tennie:<\/p>\n<ul>\n<li>Amennyiben jogszab\u00e1lyba \u00fctk\u00f6z\u0151 magatart\u00e1st, vagy az Etikai k\u00f3dex, illetve az \u00dczleti Partnerek Fenntarthat\u00f3s\u00e1gi \u00e9s Magatart\u00e1si K\u00f3dexe el\u0151\u00edr\u00e1sait s\u00e9rt\u0151 viselked\u00e9st tapasztal;<\/li>\n<li>Ha a v\u00e1llalkoz\u00e1s saj\u00e1t, le\u00e1nyv\u00e1llalatai vagy k\u00f6zvetlen besz\u00e1ll\u00edt\u00f3i gazdas\u00e1gi tev\u00e9kenys\u00e9ge k\u00f6vetkezt\u00e9ben felmer\u00fcl\u0151 t\u00e1rsadalmi felel\u0151ss\u00e9gv\u00e1llal\u00e1ssal \u00e9s k\u00f6rnyezetv\u00e9delemmel kapcsolatos kock\u00e1zatok mer\u00fclnek fel, illetve az ezekre vonatkoz\u00f3 k\u00f6telezetts\u00e9gek megs\u00e9rt\u00e9s\u00e9t tapasztalja.<br \/>\nA bejelent\u00e9st a kit\u00f6lt\u00f6tt \u0171rlap visszaeles.bejelentes@futurealgroup.com elektronikus c\u00edmre t\u00f6rt\u00e9n\u0151 visszak\u00fcld\u00e9s\u00e9vel lehet megtenni.<\/li>\n<\/ul>\n<p><strong>Fontos inform\u00e1ci\u00f3k!<\/strong><\/p>\n<ul>\n<li>T\u00e1j\u00e9koztatjuk, hogy a bejelent\u0151 szem\u00e9lyazonoss\u00e1g\u00e1t Futureal-csoport a vizsg\u00e1lat valamennyi szakasz\u00e1ban bizalmasan kezeli. Amennyiben a bejelent\u00e9s\u00e9t n\u00e9vtelen\u00fcl k\u00edv\u00e1nja megtenni, k\u00e9rj\u00fck, hogy az el\u00e9rhet\u0151s\u00e9gi adatait ne t\u00f6ltse ki! Bizonyos esetekben (pl. becsatolt dokumentumok, bizony\u00edt\u00e9kok vagy inform\u00e1ci\u00f3k alapj\u00e1n) \u00d6n tov\u00e1bbra is azonos\u00edthat\u00f3 maradhat sz\u00e1munkra.<\/li>\n<li>A bejelent\u00e9s vizsg\u00e1lata mell\u0151zhet\u0151, ha<\/li>\n<\/ul>\n<p style=\"padding-left: 40px;\">a) a bejelent\u0151 a bejelent\u00e9st anonim m\u00f3don tette meg, vagy szem\u00e9lye beazonos\u00edthatatlan vagy, ha<\/p>\n<p style=\"padding-left: 40px;\">b) a bejelent\u00e9s ugyanazon bejelent\u0151 \u00e1ltal tett ism\u00e9telt, a kor\u00e1bbi bejelent\u00e9ssel azonos tartalm\u00fa \u00e9s m\u00e1r kivizsg\u00e1lt bejelent\u00e9s, tov\u00e1bb\u00e1, ha<\/p>\n<p style=\"padding-left: 40px;\">c) a bejelent\u00e9st a s\u00e9relmezett tev\u00e9kenys\u00e9gr\u0151l vagy mulaszt\u00e1sr\u00f3l val\u00f3 tudom\u00e1sszerz\u00e9st\u0151l sz\u00e1m\u00edtott hat h\u00f3nap eltelt\u00e9t k\u00f6vet\u0151en tette meg a bejelent\u0151, v\u00e9g\u00fcl pedig abban az esetben, ha<\/p>\n<p style=\"padding-left: 40px;\">d) a s\u00e9relem a bejelent\u00e9sben \u00e9rintett szem\u00e9ly jogainak a bejelent\u00e9s kivizsg\u00e1l\u00e1s\u00e1b\u00f3l ered\u0151 korl\u00e1toz\u00e1s\u00e1val nem \u00e1llna ar\u00e1nyban.<\/p>\n<ul>\n<li>A rosszhiszem\u0171en tett bejelent\u00e9s tov\u00e1bb\u00edt\u00e1sra ker\u00fclhet az \u00e9rintett szem\u00e9ly \u00e9s a hat\u00e1sk\u00f6rrel rendelkez\u0151 hat\u00f3s\u00e1gok (harmadik szem\u00e9ly) r\u00e9sz\u00e9re, amely munkajogi, polg\u00e1ri jogi \u00e9s b\u00fcntet\u0151jogi jogk\u00f6vetkezm\u00e9nyekkel is j\u00e1rhat.<\/li>\n<li>A j\u00f3hiszem\u0171en tett, de az elj\u00e1r\u00e1s sor\u00e1n megalapozatlannak bizonyul\u00f3 bejelent\u00e9sek eset\u00e9n a vizsg\u00e1lat harmadik szem\u00e9lyek \u00e9rtes\u00edt\u00e9se n\u00e9lk\u00fcl ker\u00fcl lez\u00e1r\u00e1sra.<\/li>\n<\/ul>\n<p><strong>Vissza\u00e9l\u00e9s-bejelent\u00e9ssel kapcsolatos szab\u00e1lyoz\u00f3k<\/strong><\/p>\n<ul>\n<li><a href=\"https:\/\/www.futurealgroup.com\/wp-content\/uploads\/2026\/02\/Uzleti-Partnerek-Fenntarthatosagi-es-Magatartasi-Kodexe_v1.1-1.pdf\" target=\"_blank\" rel=\"noopener\">\u00dczleti Partnerek Fenntarthat\u00f3s\u00e1gi \u00e9s Magatart\u00e1si K\u00f3dexe\u00a0<\/a><\/li>\n<li><a href=\"https:\/\/www.futurealgroup.com\/wp-content\/uploads\/2026\/02\/Futureal-csoport_Etikai-kodex_v1.1_external.pdf\" target=\"_blank\" rel=\"noopener\">Etikai K\u00f3dex\u00a0<\/a><\/li>\n<li><a href=\"https:\/\/www.futurealgroup.com\/wp-content\/uploads\/2025\/12\/Fenntarthatosagi-es-Magatartasi-Panasz-es-Visszaeles-bejelentesi-szabalyzat__v1.0.pdf\" target=\"_blank\" rel=\"noopener\">Fenntarthat\u00f3s\u00e1gi \u00e9s magatart\u00e1si panasz- \u00e9s vissza\u00e9l\u00e9sbejelent\u00e9si szab\u00e1lyzat<\/a><\/li>\n<li><a href=\"https:\/\/www.futurealgroup.com\/wp-content\/uploads\/2025\/12\/Etikai-Bizottsag-Eljarasrendje_v1.0.pdf\" target=\"_blank\" rel=\"noopener\">Etikai Bizotts\u00e1g Elj\u00e1r\u00e1srendje<\/a><\/li>\n<\/ul>\n<a href=\"https:\/\/www.futurealgroup.com\/wp-content\/uploads\/2025\/12\/Fenntarthatosagi-es-magatartasi-panasz-es-visszaelesbejelentes_Urlap.docx\" class=\"btn btn-primary\" target=\"_self\">\n\u0170rlap let\u00f6lt\u00e9se <\/a>\n\n\n<p>&nbsp;<\/p>\n","protected":false},"excerpt":{"rendered":"<p>Fenntarthat\u00f3s\u00e1gi \u00e9s magatart\u00e1si panasz- \u00e9s vissza\u00e9l\u00e9sbejelent\u00e9s A Futureal-csoport jogszer\u0171 \u00e9s prudens m\u0171k\u00f6d\u00e9s\u00e9nek biztos\u00edt\u00e1sa \u00e9rdek\u00e9ben vissza\u00e9l\u00e9s-bejelent\u00e9si rendszert m\u0171k\u00f6dtet, amelyen kereszt\u00fcl lehet\u0151s\u00e9g van a Futureal-csoport munkat\u00e1rsaival vagy vel\u00fcnk szerz\u0151d\u00e9ses jogviszonyban \u00e1ll\u00f3 \u00fczleti partnerrel kapcsolatban bejelent\u00e9st tennie: Amennyiben jogszab\u00e1lyba \u00fctk\u00f6z\u0151 magatart\u00e1st, vagy az Etikai k\u00f3dex, illetve az \u00dczleti Partnerek Fenntarthat\u00f3s\u00e1gi \u00e9s Magatart\u00e1si K\u00f3dexe el\u0151\u00edr\u00e1sait s\u00e9rt\u0151 viselked\u00e9st tapasztal; Ha [&hellip;]<\/p>\n","protected":false},"author":1,"featured_media":3744,"parent":0,"menu_order":0,"comment_status":"closed","ping_status":"closed","template":"","meta":{"_acf_changed":false,"inline_featured_image":false,"footnotes":""},"class_list":["post-16687","page","type-page","status-publish","has-post-thumbnail","hentry"],"acf":[],"yoast_head":"<!-- This site is optimized with the Yoast SEO plugin v27.3 - https:\/\/yoast.com\/product\/yoast-seo-wordpress\/ -->\n<title>vissza\u00e9l\u00e9s-bejelent\u00e9s - Futureal<\/title>\n<meta name=\"robots\" content=\"index, follow, max-snippet:-1, max-image-preview:large, max-video-preview:-1\" \/>\n<link rel=\"canonical\" href=\"https:\/\/www.futurealgroup.com\/hu\/visszaeles-bejelentes\/\" \/>\n<meta property=\"og:locale\" content=\"hu_HU\" \/>\n<meta property=\"og:type\" content=\"article\" \/>\n<meta property=\"og:title\" content=\"vissza\u00e9l\u00e9s-bejelent\u00e9s - Futureal\" \/>\n<meta property=\"og:description\" content=\"Fenntarthat\u00f3s\u00e1gi \u00e9s magatart\u00e1si panasz- \u00e9s vissza\u00e9l\u00e9sbejelent\u00e9s A Futureal-csoport jogszer\u0171 \u00e9s prudens m\u0171k\u00f6d\u00e9s\u00e9nek biztos\u00edt\u00e1sa \u00e9rdek\u00e9ben vissza\u00e9l\u00e9s-bejelent\u00e9si rendszert m\u0171k\u00f6dtet, amelyen kereszt\u00fcl lehet\u0151s\u00e9g van a Futureal-csoport munkat\u00e1rsaival vagy vel\u00fcnk szerz\u0151d\u00e9ses jogviszonyban \u00e1ll\u00f3 \u00fczleti partnerrel kapcsolatban bejelent\u00e9st tennie: Amennyiben jogszab\u00e1lyba \u00fctk\u00f6z\u0151 magatart\u00e1st, vagy az Etikai k\u00f3dex, illetve az \u00dczleti Partnerek Fenntarthat\u00f3s\u00e1gi \u00e9s Magatart\u00e1si K\u00f3dexe el\u0151\u00edr\u00e1sait s\u00e9rt\u0151 viselked\u00e9st tapasztal; Ha [&hellip;]\" \/>\n<meta property=\"og:url\" content=\"https:\/\/www.futurealgroup.com\/hu\/visszaeles-bejelentes\/\" \/>\n<meta property=\"og:site_name\" content=\"Futureal\" \/>\n<meta property=\"article:modified_time\" content=\"2026-02-26T15:09:23+00:00\" \/>\n<meta property=\"og:image\" content=\"https:\/\/www.futurealgroup.com\/wp-content\/uploads\/2017\/06\/Futureal_Erste_hitel_1920x400-1.jpg\" \/>\n\t<meta property=\"og:image:width\" content=\"1920\" \/>\n\t<meta property=\"og:image:height\" content=\"400\" \/>\n\t<meta property=\"og:image:type\" content=\"image\/jpeg\" \/>\n<meta name=\"twitter:card\" content=\"summary_large_image\" \/>\n<meta name=\"twitter:label1\" content=\"Becs\u00fclt olvas\u00e1si id\u0151\" \/>\n\t<meta name=\"twitter:data1\" content=\"2 perc\" \/>\n<script type=\"application\/ld+json\" class=\"yoast-schema-graph\">{\"@context\":\"https:\\\/\\\/schema.org\",\"@graph\":[{\"@type\":\"WebPage\",\"@id\":\"https:\\\/\\\/www.futurealgroup.com\\\/hu\\\/visszaeles-bejelentes\\\/\",\"url\":\"https:\\\/\\\/www.futurealgroup.com\\\/hu\\\/visszaeles-bejelentes\\\/\",\"name\":\"vissza\u00e9l\u00e9s-bejelent\u00e9s - Futureal\",\"isPartOf\":{\"@id\":\"https:\\\/\\\/www.futurealgroup.com\\\/hu\\\/#website\"},\"primaryImageOfPage\":{\"@id\":\"https:\\\/\\\/www.futurealgroup.com\\\/hu\\\/visszaeles-bejelentes\\\/#primaryimage\"},\"image\":{\"@id\":\"https:\\\/\\\/www.futurealgroup.com\\\/hu\\\/visszaeles-bejelentes\\\/#primaryimage\"},\"thumbnailUrl\":\"https:\\\/\\\/www.futurealgroup.com\\\/wp-content\\\/uploads\\\/2017\\\/06\\\/Futureal_Erste_hitel_1920x400-1.jpg\",\"datePublished\":\"2025-12-09T13:56:33+00:00\",\"dateModified\":\"2026-02-26T15:09:23+00:00\",\"breadcrumb\":{\"@id\":\"https:\\\/\\\/www.futurealgroup.com\\\/hu\\\/visszaeles-bejelentes\\\/#breadcrumb\"},\"inLanguage\":\"hu\",\"potentialAction\":[{\"@type\":\"ReadAction\",\"target\":[\"https:\\\/\\\/www.futurealgroup.com\\\/hu\\\/visszaeles-bejelentes\\\/\"]}]},{\"@type\":\"ImageObject\",\"inLanguage\":\"hu\",\"@id\":\"https:\\\/\\\/www.futurealgroup.com\\\/hu\\\/visszaeles-bejelentes\\\/#primaryimage\",\"url\":\"https:\\\/\\\/www.futurealgroup.com\\\/wp-content\\\/uploads\\\/2017\\\/06\\\/Futureal_Erste_hitel_1920x400-1.jpg\",\"contentUrl\":\"https:\\\/\\\/www.futurealgroup.com\\\/wp-content\\\/uploads\\\/2017\\\/06\\\/Futureal_Erste_hitel_1920x400-1.jpg\",\"width\":1920,\"height\":400},{\"@type\":\"BreadcrumbList\",\"@id\":\"https:\\\/\\\/www.futurealgroup.com\\\/hu\\\/visszaeles-bejelentes\\\/#breadcrumb\",\"itemListElement\":[{\"@type\":\"ListItem\",\"position\":1,\"name\":\"Home\",\"item\":\"https:\\\/\\\/www.futurealgroup.com\\\/hu\\\/\"},{\"@type\":\"ListItem\",\"position\":2,\"name\":\"vissza\u00e9l\u00e9s-bejelent\u00e9s\"}]},{\"@type\":\"WebSite\",\"@id\":\"https:\\\/\\\/www.futurealgroup.com\\\/hu\\\/#website\",\"url\":\"https:\\\/\\\/www.futurealgroup.com\\\/hu\\\/\",\"name\":\"Futureal\",\"description\":\"Futureal Group\",\"publisher\":{\"@id\":\"https:\\\/\\\/www.futurealgroup.com\\\/hu\\\/#organization\"},\"potentialAction\":[{\"@type\":\"SearchAction\",\"target\":{\"@type\":\"EntryPoint\",\"urlTemplate\":\"https:\\\/\\\/www.futurealgroup.com\\\/hu\\\/?s={search_term_string}\"},\"query-input\":{\"@type\":\"PropertyValueSpecification\",\"valueRequired\":true,\"valueName\":\"search_term_string\"}}],\"inLanguage\":\"hu\"},{\"@type\":\"Organization\",\"@id\":\"https:\\\/\\\/www.futurealgroup.com\\\/hu\\\/#organization\",\"name\":\"Futureal Group\",\"url\":\"https:\\\/\\\/www.futurealgroup.com\\\/hu\\\/\",\"logo\":{\"@type\":\"ImageObject\",\"inLanguage\":\"hu\",\"@id\":\"https:\\\/\\\/www.futurealgroup.com\\\/hu\\\/#\\\/schema\\\/logo\\\/image\\\/\",\"url\":\"https:\\\/\\\/www.futurealgroup.com\\\/wp-content\\\/uploads\\\/2016\\\/11\\\/futureal_blue.png\",\"contentUrl\":\"https:\\\/\\\/www.futurealgroup.com\\\/wp-content\\\/uploads\\\/2016\\\/11\\\/futureal_blue.png\",\"width\":264,\"height\":26,\"caption\":\"Futureal Group\"},\"image\":{\"@id\":\"https:\\\/\\\/www.futurealgroup.com\\\/hu\\\/#\\\/schema\\\/logo\\\/image\\\/\"}}]}<\/script>\n<!-- \/ Yoast SEO plugin. -->","yoast_head_json":{"title":"vissza\u00e9l\u00e9s-bejelent\u00e9s - Futureal","robots":{"index":"index","follow":"follow","max-snippet":"max-snippet:-1","max-image-preview":"max-image-preview:large","max-video-preview":"max-video-preview:-1"},"canonical":"https:\/\/www.futurealgroup.com\/hu\/visszaeles-bejelentes\/","og_locale":"hu_HU","og_type":"article","og_title":"vissza\u00e9l\u00e9s-bejelent\u00e9s - Futureal","og_description":"Fenntarthat\u00f3s\u00e1gi \u00e9s magatart\u00e1si panasz- \u00e9s vissza\u00e9l\u00e9sbejelent\u00e9s A Futureal-csoport jogszer\u0171 \u00e9s prudens m\u0171k\u00f6d\u00e9s\u00e9nek biztos\u00edt\u00e1sa \u00e9rdek\u00e9ben vissza\u00e9l\u00e9s-bejelent\u00e9si rendszert m\u0171k\u00f6dtet, amelyen kereszt\u00fcl lehet\u0151s\u00e9g van a Futureal-csoport munkat\u00e1rsaival vagy vel\u00fcnk szerz\u0151d\u00e9ses jogviszonyban \u00e1ll\u00f3 \u00fczleti partnerrel kapcsolatban bejelent\u00e9st tennie: Amennyiben jogszab\u00e1lyba \u00fctk\u00f6z\u0151 magatart\u00e1st, vagy az Etikai k\u00f3dex, illetve az \u00dczleti Partnerek Fenntarthat\u00f3s\u00e1gi \u00e9s Magatart\u00e1si K\u00f3dexe el\u0151\u00edr\u00e1sait s\u00e9rt\u0151 viselked\u00e9st tapasztal; Ha [&hellip;]","og_url":"https:\/\/www.futurealgroup.com\/hu\/visszaeles-bejelentes\/","og_site_name":"Futureal","article_modified_time":"2026-02-26T15:09:23+00:00","og_image":[{"width":1920,"height":400,"url":"https:\/\/www.futurealgroup.com\/wp-content\/uploads\/2017\/06\/Futureal_Erste_hitel_1920x400-1.jpg","type":"image\/jpeg"}],"twitter_card":"summary_large_image","twitter_misc":{"Becs\u00fclt olvas\u00e1si id\u0151":"2 perc"},"schema":{"@context":"https:\/\/schema.org","@graph":[{"@type":"WebPage","@id":"https:\/\/www.futurealgroup.com\/hu\/visszaeles-bejelentes\/","url":"https:\/\/www.futurealgroup.com\/hu\/visszaeles-bejelentes\/","name":"vissza\u00e9l\u00e9s-bejelent\u00e9s - Futureal","isPartOf":{"@id":"https:\/\/www.futurealgroup.com\/hu\/#website"},"primaryImageOfPage":{"@id":"https:\/\/www.futurealgroup.com\/hu\/visszaeles-bejelentes\/#primaryimage"},"image":{"@id":"https:\/\/www.futurealgroup.com\/hu\/visszaeles-bejelentes\/#primaryimage"},"thumbnailUrl":"https:\/\/www.futurealgroup.com\/wp-content\/uploads\/2017\/06\/Futureal_Erste_hitel_1920x400-1.jpg","datePublished":"2025-12-09T13:56:33+00:00","dateModified":"2026-02-26T15:09:23+00:00","breadcrumb":{"@id":"https:\/\/www.futurealgroup.com\/hu\/visszaeles-bejelentes\/#breadcrumb"},"inLanguage":"hu","potentialAction":[{"@type":"ReadAction","target":["https:\/\/www.futurealgroup.com\/hu\/visszaeles-bejelentes\/"]}]},{"@type":"ImageObject","inLanguage":"hu","@id":"https:\/\/www.futurealgroup.com\/hu\/visszaeles-bejelentes\/#primaryimage","url":"https:\/\/www.futurealgroup.com\/wp-content\/uploads\/2017\/06\/Futureal_Erste_hitel_1920x400-1.jpg","contentUrl":"https:\/\/www.futurealgroup.com\/wp-content\/uploads\/2017\/06\/Futureal_Erste_hitel_1920x400-1.jpg","width":1920,"height":400},{"@type":"BreadcrumbList","@id":"https:\/\/www.futurealgroup.com\/hu\/visszaeles-bejelentes\/#breadcrumb","itemListElement":[{"@type":"ListItem","position":1,"name":"Home","item":"https:\/\/www.futurealgroup.com\/hu\/"},{"@type":"ListItem","position":2,"name":"vissza\u00e9l\u00e9s-bejelent\u00e9s"}]},{"@type":"WebSite","@id":"https:\/\/www.futurealgroup.com\/hu\/#website","url":"https:\/\/www.futurealgroup.com\/hu\/","name":"Futureal","description":"Futureal Group","publisher":{"@id":"https:\/\/www.futurealgroup.com\/hu\/#organization"},"potentialAction":[{"@type":"SearchAction","target":{"@type":"EntryPoint","urlTemplate":"https:\/\/www.futurealgroup.com\/hu\/?s={search_term_string}"},"query-input":{"@type":"PropertyValueSpecification","valueRequired":true,"valueName":"search_term_string"}}],"inLanguage":"hu"},{"@type":"Organization","@id":"https:\/\/www.futurealgroup.com\/hu\/#organization","name":"Futureal Group","url":"https:\/\/www.futurealgroup.com\/hu\/","logo":{"@type":"ImageObject","inLanguage":"hu","@id":"https:\/\/www.futurealgroup.com\/hu\/#\/schema\/logo\/image\/","url":"https:\/\/www.futurealgroup.com\/wp-content\/uploads\/2016\/11\/futureal_blue.png","contentUrl":"https:\/\/www.futurealgroup.com\/wp-content\/uploads\/2016\/11\/futureal_blue.png","width":264,"height":26,"caption":"Futureal Group"},"image":{"@id":"https:\/\/www.futurealgroup.com\/hu\/#\/schema\/logo\/image\/"}}]}},"_links":{"self":[{"href":"https:\/\/www.futurealgroup.com\/hu\/wp-json\/wp\/v2\/pages\/16687","targetHints":{"allow":["GET"]}}],"collection":[{"href":"https:\/\/www.futurealgroup.com\/hu\/wp-json\/wp\/v2\/pages"}],"about":[{"href":"https:\/\/www.futurealgroup.com\/hu\/wp-json\/wp\/v2\/types\/page"}],"author":[{"embeddable":true,"href":"https:\/\/www.futurealgroup.com\/hu\/wp-json\/wp\/v2\/users\/1"}],"replies":[{"embeddable":true,"href":"https:\/\/www.futurealgroup.com\/hu\/wp-json\/wp\/v2\/comments?post=16687"}],"version-history":[{"count":8,"href":"https:\/\/www.futurealgroup.com\/hu\/wp-json\/wp\/v2\/pages\/16687\/revisions"}],"predecessor-version":[{"id":18023,"href":"https:\/\/www.futurealgroup.com\/hu\/wp-json\/wp\/v2\/pages\/16687\/revisions\/18023"}],"wp:featuredmedia":[{"embeddable":true,"href":"https:\/\/www.futurealgroup.com\/hu\/wp-json\/wp\/v2\/media\/3744"}],"wp:attachment":[{"href":"https:\/\/www.futurealgroup.com\/hu\/wp-json\/wp\/v2\/media?parent=16687"}],"curies":[{"name":"wp","href":"https:\/\/api.w.org\/{rel}","templated":true}]}}