{"id":16705,"date":"2025-12-09T15:03:17","date_gmt":"2025-12-09T14:03:17","guid":{"rendered":"https:\/\/www.futurealgroup.com\/?page_id=16705"},"modified":"2025-12-09T15:04:11","modified_gmt":"2025-12-09T14:04:11","slug":"partneri-panaszbejelentes","status":"publish","type":"page","link":"https:\/\/www.futurealgroup.com\/hu\/partneri-panaszbejelentes\/","title":{"rendered":"Partneri panaszbejelent\u00e9s"},"content":{"rendered":"<h4>Panaszkezel\u00e9s<\/h4>\n<p>\u0150szint\u00e9n sajn\u00e1ljuk, hogy minden igyekezet\u00fcnk ellen\u00e9re sem el\u00e9gedett teljes m\u00e9rt\u00e9kben szolg\u00e1ltat\u00e1sainkkal, term\u00e9keinkkel vagy egy\u00fcttm\u0171k\u00f6d\u00e9s\u00fcnkkel. Mivel fontos sz\u00e1munkra \u00dcgyfeleink \u00e9s Partnereink el\u00e9gedetts\u00e9ge, ez\u00e9rt minden panaszt komolyan vesz\u00fcnk \u00e9s alaposan kivizsg\u00e1lunk.<\/p>\n<p><strong>Hogyan teheti meg a bejelent\u00e9st?<\/strong><\/p>\n<p>Els\u0151k\u00e9nt, k\u00e9rj\u00fck, forduljon az \u00e9rintett tagv\u00e1llalatunkhoz.<\/p>\n<p>Amennyiben ott nem siker\u00fclt panasz\u00e1t bejelentenie, haszn\u00e1lja k\u00f6zponti csatorn\u00e1nkat, a bejelent\u00e9seket nem vizsg\u00e1ljuk meg k\u00e9tszer:<\/p>\n<ul>\n<li>K\u00e9rj\u00fck, t\u00f6ltse ki az al\u00e1bbi \u0171rlapot \u00e9s k\u00fcldje el a <a href=\"mailto:panasz.bejelentes@futurealgroup.com\">panasz.bejelentes@futurealgroup.com<\/a> email c\u00edmre.<\/li>\n<li>Csak az \u0171rlapon kereszt\u00fcl beny\u00fajtott bejelent\u00e9seket \u00e1ll m\u00f3dunkban feldolgozni.<\/li>\n<\/ul>\n<p><strong>Mi t\u00f6rt\u00e9nik a bejelent\u00e9s ut\u00e1n?<\/strong><\/p>\n<p>V\u00e1llalatunk k\u00fcl\u00f6n\u00f6s figyelmet ford\u00edt \u00fcgyfeleink panaszainak kezel\u00e9s\u00e9re, \u00edgy:<\/p>\n<ul>\n<li>Minden panaszt dokument\u00e1lunk \u00e9s kivizsg\u00e1lunk,<\/li>\n<li>30 napon bel\u00fcl visszajelz\u00e9st adunk az eredm\u00e9nyr\u0151l,<\/li>\n<li>A panaszkezel\u00e9si elj\u00e1r\u00e1s sor\u00e1n arra t\u00f6reksz\u00fcnk, hogy \u00dcgyfeleink teljes k\u00f6r\u0171 t\u00e1j\u00e9koztat\u00e1st kapjanak a folyamatr\u00f3l, valamint a meghozott d\u00f6nt\u00e9sr\u0151l, annak okair\u00f3l, k\u00f6vetkezm\u00e9nyeir\u0151l,<\/li>\n<li>Az \u00e1ltalunk gy\u0171jt\u00f6tt \u00e9szrev\u00e9teleket r\u00e9szletesen elemezz\u00fck, melyeket szolg\u00e1ltat\u00e1saink folyamatos fejleszt\u00e9s\u00e9nek alapj\u00e1ul haszn\u00e1lunk fel.<\/li>\n<\/ul>\n<p><strong>Ha nem el\u00e9gedett az eredm\u00e9nnyel:<\/strong> jogorvoslati lehet\u0151s\u00e9g \u00e1ll rendelkez\u00e9s\u00e9re.<\/p>\n<a href=\"https:\/\/www.futurealgroup.com\/wp-content\/uploads\/2025\/12\/Partneri-panaszbejelentes_Urlap.docx\" class=\"btn btn-primary\" target=\"_self\">\n\u0170rlap let\u00f6lt\u00e9se <\/a>\n\n\n<p>&nbsp;<\/p>\n","protected":false},"excerpt":{"rendered":"<p>Panaszkezel\u00e9s \u0150szint\u00e9n sajn\u00e1ljuk, hogy minden igyekezet\u00fcnk ellen\u00e9re sem el\u00e9gedett teljes m\u00e9rt\u00e9kben szolg\u00e1ltat\u00e1sainkkal, term\u00e9keinkkel vagy egy\u00fcttm\u0171k\u00f6d\u00e9s\u00fcnkkel. Mivel fontos sz\u00e1munkra \u00dcgyfeleink \u00e9s Partnereink el\u00e9gedetts\u00e9ge, ez\u00e9rt minden panaszt komolyan vesz\u00fcnk \u00e9s alaposan kivizsg\u00e1lunk. Hogyan teheti meg a bejelent\u00e9st? Els\u0151k\u00e9nt, k\u00e9rj\u00fck, forduljon az \u00e9rintett tagv\u00e1llalatunkhoz. Amennyiben ott nem siker\u00fclt panasz\u00e1t bejelentenie, haszn\u00e1lja k\u00f6zponti csatorn\u00e1nkat, a bejelent\u00e9seket nem vizsg\u00e1ljuk meg [&hellip;]<\/p>\n","protected":false},"author":1,"featured_media":3744,"parent":0,"menu_order":0,"comment_status":"closed","ping_status":"closed","template":"","meta":{"_acf_changed":false,"inline_featured_image":false,"footnotes":""},"class_list":["post-16705","page","type-page","status-publish","has-post-thumbnail","hentry"],"acf":[],"yoast_head":"<!-- This site is optimized with the Yoast SEO plugin v27.3 - https:\/\/yoast.com\/product\/yoast-seo-wordpress\/ -->\n<title>Partneri panaszbejelent\u00e9s - Futureal<\/title>\n<meta name=\"robots\" content=\"index, follow, max-snippet:-1, max-image-preview:large, max-video-preview:-1\" \/>\n<link rel=\"canonical\" href=\"https:\/\/www.futurealgroup.com\/hu\/partneri-panaszbejelentes\/\" \/>\n<meta property=\"og:locale\" content=\"hu_HU\" \/>\n<meta property=\"og:type\" content=\"article\" \/>\n<meta property=\"og:title\" content=\"Partneri panaszbejelent\u00e9s - Futureal\" \/>\n<meta property=\"og:description\" content=\"Panaszkezel\u00e9s \u0150szint\u00e9n sajn\u00e1ljuk, hogy minden igyekezet\u00fcnk ellen\u00e9re sem el\u00e9gedett teljes m\u00e9rt\u00e9kben szolg\u00e1ltat\u00e1sainkkal, term\u00e9keinkkel vagy egy\u00fcttm\u0171k\u00f6d\u00e9s\u00fcnkkel. Mivel fontos sz\u00e1munkra \u00dcgyfeleink \u00e9s Partnereink el\u00e9gedetts\u00e9ge, ez\u00e9rt minden panaszt komolyan vesz\u00fcnk \u00e9s alaposan kivizsg\u00e1lunk. Hogyan teheti meg a bejelent\u00e9st? Els\u0151k\u00e9nt, k\u00e9rj\u00fck, forduljon az \u00e9rintett tagv\u00e1llalatunkhoz. Amennyiben ott nem siker\u00fclt panasz\u00e1t bejelentenie, haszn\u00e1lja k\u00f6zponti csatorn\u00e1nkat, a bejelent\u00e9seket nem vizsg\u00e1ljuk meg [&hellip;]\" \/>\n<meta property=\"og:url\" content=\"https:\/\/www.futurealgroup.com\/hu\/partneri-panaszbejelentes\/\" \/>\n<meta property=\"og:site_name\" content=\"Futureal\" \/>\n<meta property=\"article:modified_time\" content=\"2025-12-09T14:04:11+00:00\" \/>\n<meta property=\"og:image\" content=\"https:\/\/www.futurealgroup.com\/wp-content\/uploads\/2017\/06\/Futureal_Erste_hitel_1920x400-1.jpg\" \/>\n\t<meta property=\"og:image:width\" content=\"1920\" \/>\n\t<meta property=\"og:image:height\" content=\"400\" \/>\n\t<meta property=\"og:image:type\" content=\"image\/jpeg\" \/>\n<meta name=\"twitter:card\" content=\"summary_large_image\" \/>\n<meta name=\"twitter:label1\" content=\"Becs\u00fclt olvas\u00e1si id\u0151\" \/>\n\t<meta name=\"twitter:data1\" content=\"2 perc\" \/>\n<script type=\"application\/ld+json\" class=\"yoast-schema-graph\">{\"@context\":\"https:\\\/\\\/schema.org\",\"@graph\":[{\"@type\":\"WebPage\",\"@id\":\"https:\\\/\\\/www.futurealgroup.com\\\/hu\\\/partneri-panaszbejelentes\\\/\",\"url\":\"https:\\\/\\\/www.futurealgroup.com\\\/hu\\\/partneri-panaszbejelentes\\\/\",\"name\":\"Partneri panaszbejelent\u00e9s - Futureal\",\"isPartOf\":{\"@id\":\"https:\\\/\\\/www.futurealgroup.com\\\/hu\\\/#website\"},\"primaryImageOfPage\":{\"@id\":\"https:\\\/\\\/www.futurealgroup.com\\\/hu\\\/partneri-panaszbejelentes\\\/#primaryimage\"},\"image\":{\"@id\":\"https:\\\/\\\/www.futurealgroup.com\\\/hu\\\/partneri-panaszbejelentes\\\/#primaryimage\"},\"thumbnailUrl\":\"https:\\\/\\\/www.futurealgroup.com\\\/wp-content\\\/uploads\\\/2017\\\/06\\\/Futureal_Erste_hitel_1920x400-1.jpg\",\"datePublished\":\"2025-12-09T14:03:17+00:00\",\"dateModified\":\"2025-12-09T14:04:11+00:00\",\"breadcrumb\":{\"@id\":\"https:\\\/\\\/www.futurealgroup.com\\\/hu\\\/partneri-panaszbejelentes\\\/#breadcrumb\"},\"inLanguage\":\"hu\",\"potentialAction\":[{\"@type\":\"ReadAction\",\"target\":[\"https:\\\/\\\/www.futurealgroup.com\\\/hu\\\/partneri-panaszbejelentes\\\/\"]}]},{\"@type\":\"ImageObject\",\"inLanguage\":\"hu\",\"@id\":\"https:\\\/\\\/www.futurealgroup.com\\\/hu\\\/partneri-panaszbejelentes\\\/#primaryimage\",\"url\":\"https:\\\/\\\/www.futurealgroup.com\\\/wp-content\\\/uploads\\\/2017\\\/06\\\/Futureal_Erste_hitel_1920x400-1.jpg\",\"contentUrl\":\"https:\\\/\\\/www.futurealgroup.com\\\/wp-content\\\/uploads\\\/2017\\\/06\\\/Futureal_Erste_hitel_1920x400-1.jpg\",\"width\":1920,\"height\":400},{\"@type\":\"BreadcrumbList\",\"@id\":\"https:\\\/\\\/www.futurealgroup.com\\\/hu\\\/partneri-panaszbejelentes\\\/#breadcrumb\",\"itemListElement\":[{\"@type\":\"ListItem\",\"position\":1,\"name\":\"Home\",\"item\":\"https:\\\/\\\/www.futurealgroup.com\\\/hu\\\/\"},{\"@type\":\"ListItem\",\"position\":2,\"name\":\"Partneri panaszbejelent\u00e9s\"}]},{\"@type\":\"WebSite\",\"@id\":\"https:\\\/\\\/www.futurealgroup.com\\\/hu\\\/#website\",\"url\":\"https:\\\/\\\/www.futurealgroup.com\\\/hu\\\/\",\"name\":\"Futureal\",\"description\":\"Futureal Group\",\"publisher\":{\"@id\":\"https:\\\/\\\/www.futurealgroup.com\\\/hu\\\/#organization\"},\"potentialAction\":[{\"@type\":\"SearchAction\",\"target\":{\"@type\":\"EntryPoint\",\"urlTemplate\":\"https:\\\/\\\/www.futurealgroup.com\\\/hu\\\/?s={search_term_string}\"},\"query-input\":{\"@type\":\"PropertyValueSpecification\",\"valueRequired\":true,\"valueName\":\"search_term_string\"}}],\"inLanguage\":\"hu\"},{\"@type\":\"Organization\",\"@id\":\"https:\\\/\\\/www.futurealgroup.com\\\/hu\\\/#organization\",\"name\":\"Futureal Group\",\"url\":\"https:\\\/\\\/www.futurealgroup.com\\\/hu\\\/\",\"logo\":{\"@type\":\"ImageObject\",\"inLanguage\":\"hu\",\"@id\":\"https:\\\/\\\/www.futurealgroup.com\\\/hu\\\/#\\\/schema\\\/logo\\\/image\\\/\",\"url\":\"https:\\\/\\\/www.futurealgroup.com\\\/wp-content\\\/uploads\\\/2016\\\/11\\\/futureal_blue.png\",\"contentUrl\":\"https:\\\/\\\/www.futurealgroup.com\\\/wp-content\\\/uploads\\\/2016\\\/11\\\/futureal_blue.png\",\"width\":264,\"height\":26,\"caption\":\"Futureal Group\"},\"image\":{\"@id\":\"https:\\\/\\\/www.futurealgroup.com\\\/hu\\\/#\\\/schema\\\/logo\\\/image\\\/\"}}]}<\/script>\n<!-- \/ Yoast SEO plugin. -->","yoast_head_json":{"title":"Partneri panaszbejelent\u00e9s - Futureal","robots":{"index":"index","follow":"follow","max-snippet":"max-snippet:-1","max-image-preview":"max-image-preview:large","max-video-preview":"max-video-preview:-1"},"canonical":"https:\/\/www.futurealgroup.com\/hu\/partneri-panaszbejelentes\/","og_locale":"hu_HU","og_type":"article","og_title":"Partneri panaszbejelent\u00e9s - Futureal","og_description":"Panaszkezel\u00e9s \u0150szint\u00e9n sajn\u00e1ljuk, hogy minden igyekezet\u00fcnk ellen\u00e9re sem el\u00e9gedett teljes m\u00e9rt\u00e9kben szolg\u00e1ltat\u00e1sainkkal, term\u00e9keinkkel vagy egy\u00fcttm\u0171k\u00f6d\u00e9s\u00fcnkkel. Mivel fontos sz\u00e1munkra \u00dcgyfeleink \u00e9s Partnereink el\u00e9gedetts\u00e9ge, ez\u00e9rt minden panaszt komolyan vesz\u00fcnk \u00e9s alaposan kivizsg\u00e1lunk. Hogyan teheti meg a bejelent\u00e9st? Els\u0151k\u00e9nt, k\u00e9rj\u00fck, forduljon az \u00e9rintett tagv\u00e1llalatunkhoz. Amennyiben ott nem siker\u00fclt panasz\u00e1t bejelentenie, haszn\u00e1lja k\u00f6zponti csatorn\u00e1nkat, a bejelent\u00e9seket nem vizsg\u00e1ljuk meg [&hellip;]","og_url":"https:\/\/www.futurealgroup.com\/hu\/partneri-panaszbejelentes\/","og_site_name":"Futureal","article_modified_time":"2025-12-09T14:04:11+00:00","og_image":[{"width":1920,"height":400,"url":"https:\/\/www.futurealgroup.com\/wp-content\/uploads\/2017\/06\/Futureal_Erste_hitel_1920x400-1.jpg","type":"image\/jpeg"}],"twitter_card":"summary_large_image","twitter_misc":{"Becs\u00fclt olvas\u00e1si id\u0151":"2 perc"},"schema":{"@context":"https:\/\/schema.org","@graph":[{"@type":"WebPage","@id":"https:\/\/www.futurealgroup.com\/hu\/partneri-panaszbejelentes\/","url":"https:\/\/www.futurealgroup.com\/hu\/partneri-panaszbejelentes\/","name":"Partneri panaszbejelent\u00e9s - Futureal","isPartOf":{"@id":"https:\/\/www.futurealgroup.com\/hu\/#website"},"primaryImageOfPage":{"@id":"https:\/\/www.futurealgroup.com\/hu\/partneri-panaszbejelentes\/#primaryimage"},"image":{"@id":"https:\/\/www.futurealgroup.com\/hu\/partneri-panaszbejelentes\/#primaryimage"},"thumbnailUrl":"https:\/\/www.futurealgroup.com\/wp-content\/uploads\/2017\/06\/Futureal_Erste_hitel_1920x400-1.jpg","datePublished":"2025-12-09T14:03:17+00:00","dateModified":"2025-12-09T14:04:11+00:00","breadcrumb":{"@id":"https:\/\/www.futurealgroup.com\/hu\/partneri-panaszbejelentes\/#breadcrumb"},"inLanguage":"hu","potentialAction":[{"@type":"ReadAction","target":["https:\/\/www.futurealgroup.com\/hu\/partneri-panaszbejelentes\/"]}]},{"@type":"ImageObject","inLanguage":"hu","@id":"https:\/\/www.futurealgroup.com\/hu\/partneri-panaszbejelentes\/#primaryimage","url":"https:\/\/www.futurealgroup.com\/wp-content\/uploads\/2017\/06\/Futureal_Erste_hitel_1920x400-1.jpg","contentUrl":"https:\/\/www.futurealgroup.com\/wp-content\/uploads\/2017\/06\/Futureal_Erste_hitel_1920x400-1.jpg","width":1920,"height":400},{"@type":"BreadcrumbList","@id":"https:\/\/www.futurealgroup.com\/hu\/partneri-panaszbejelentes\/#breadcrumb","itemListElement":[{"@type":"ListItem","position":1,"name":"Home","item":"https:\/\/www.futurealgroup.com\/hu\/"},{"@type":"ListItem","position":2,"name":"Partneri panaszbejelent\u00e9s"}]},{"@type":"WebSite","@id":"https:\/\/www.futurealgroup.com\/hu\/#website","url":"https:\/\/www.futurealgroup.com\/hu\/","name":"Futureal","description":"Futureal Group","publisher":{"@id":"https:\/\/www.futurealgroup.com\/hu\/#organization"},"potentialAction":[{"@type":"SearchAction","target":{"@type":"EntryPoint","urlTemplate":"https:\/\/www.futurealgroup.com\/hu\/?s={search_term_string}"},"query-input":{"@type":"PropertyValueSpecification","valueRequired":true,"valueName":"search_term_string"}}],"inLanguage":"hu"},{"@type":"Organization","@id":"https:\/\/www.futurealgroup.com\/hu\/#organization","name":"Futureal Group","url":"https:\/\/www.futurealgroup.com\/hu\/","logo":{"@type":"ImageObject","inLanguage":"hu","@id":"https:\/\/www.futurealgroup.com\/hu\/#\/schema\/logo\/image\/","url":"https:\/\/www.futurealgroup.com\/wp-content\/uploads\/2016\/11\/futureal_blue.png","contentUrl":"https:\/\/www.futurealgroup.com\/wp-content\/uploads\/2016\/11\/futureal_blue.png","width":264,"height":26,"caption":"Futureal Group"},"image":{"@id":"https:\/\/www.futurealgroup.com\/hu\/#\/schema\/logo\/image\/"}}]}},"_links":{"self":[{"href":"https:\/\/www.futurealgroup.com\/hu\/wp-json\/wp\/v2\/pages\/16705","targetHints":{"allow":["GET"]}}],"collection":[{"href":"https:\/\/www.futurealgroup.com\/hu\/wp-json\/wp\/v2\/pages"}],"about":[{"href":"https:\/\/www.futurealgroup.com\/hu\/wp-json\/wp\/v2\/types\/page"}],"author":[{"embeddable":true,"href":"https:\/\/www.futurealgroup.com\/hu\/wp-json\/wp\/v2\/users\/1"}],"replies":[{"embeddable":true,"href":"https:\/\/www.futurealgroup.com\/hu\/wp-json\/wp\/v2\/comments?post=16705"}],"version-history":[{"count":2,"href":"https:\/\/www.futurealgroup.com\/hu\/wp-json\/wp\/v2\/pages\/16705\/revisions"}],"predecessor-version":[{"id":16710,"href":"https:\/\/www.futurealgroup.com\/hu\/wp-json\/wp\/v2\/pages\/16705\/revisions\/16710"}],"wp:featuredmedia":[{"embeddable":true,"href":"https:\/\/www.futurealgroup.com\/hu\/wp-json\/wp\/v2\/media\/3744"}],"wp:attachment":[{"href":"https:\/\/www.futurealgroup.com\/hu\/wp-json\/wp\/v2\/media?parent=16705"}],"curies":[{"name":"wp","href":"https:\/\/api.w.org\/{rel}","templated":true}]}}