{"id":16711,"date":"2025-12-09T15:09:38","date_gmt":"2025-12-09T14:09:38","guid":{"rendered":"https:\/\/www.futurealgroup.com\/?page_id=16711"},"modified":"2025-12-11T13:36:34","modified_gmt":"2025-12-11T12:36:34","slug":"panasz-es-visszaelesbejelentes","status":"publish","type":"page","link":"https:\/\/www.futurealgroup.com\/hu\/panasz-es-visszaelesbejelentes\/","title":{"rendered":"panasz \u00e9s vissza\u00e9l\u00e9sbejelent\u00e9s"},"content":{"rendered":"","protected":false},"excerpt":{"rendered":"","protected":false},"author":1,"featured_media":3856,"parent":0,"menu_order":0,"comment_status":"closed","ping_status":"closed","template":"","meta":{"_acf_changed":false,"inline_featured_image":false,"footnotes":""},"class_list":["post-16711","page","type-page","status-publish","has-post-thumbnail","hentry"],"acf":[],"yoast_head":"<!-- This site is optimized with the Yoast SEO plugin v27.3 - https:\/\/yoast.com\/product\/yoast-seo-wordpress\/ -->\n<title>panasz \u00e9s vissza\u00e9l\u00e9sbejelent\u00e9s - Futureal<\/title>\n<meta name=\"robots\" content=\"index, follow, max-snippet:-1, max-image-preview:large, max-video-preview:-1\" \/>\n<link rel=\"canonical\" href=\"https:\/\/www.futurealgroup.com\/hu\/panasz-es-visszaelesbejelentes\/\" \/>\n<meta property=\"og:locale\" content=\"hu_HU\" \/>\n<meta property=\"og:type\" content=\"article\" \/>\n<meta property=\"og:title\" content=\"panasz \u00e9s vissza\u00e9l\u00e9sbejelent\u00e9s - Futureal\" \/>\n<meta property=\"og:url\" content=\"https:\/\/www.futurealgroup.com\/hu\/panasz-es-visszaelesbejelentes\/\" \/>\n<meta property=\"og:site_name\" content=\"Futureal\" \/>\n<meta property=\"article:modified_time\" content=\"2025-12-11T12:36:34+00:00\" \/>\n<meta property=\"og:image\" content=\"https:\/\/www.futurealgroup.com\/wp-content\/uploads\/2017\/06\/Vaci_uton_megy_tovabb_1920x400.jpg\" \/>\n\t<meta property=\"og:image:width\" content=\"1920\" \/>\n\t<meta property=\"og:image:height\" content=\"400\" \/>\n\t<meta property=\"og:image:type\" content=\"image\/jpeg\" \/>\n<meta name=\"twitter:card\" content=\"summary_large_image\" \/>\n<meta name=\"twitter:label1\" content=\"Becs\u00fclt olvas\u00e1si id\u0151\" \/>\n\t<meta name=\"twitter:data1\" content=\"1 perc\" \/>\n<script type=\"application\/ld+json\" class=\"yoast-schema-graph\">{\"@context\":\"https:\\\/\\\/schema.org\",\"@graph\":[{\"@type\":\"WebPage\",\"@id\":\"https:\\\/\\\/www.futurealgroup.com\\\/hu\\\/panasz-es-visszaelesbejelentes\\\/\",\"url\":\"https:\\\/\\\/www.futurealgroup.com\\\/hu\\\/panasz-es-visszaelesbejelentes\\\/\",\"name\":\"panasz \u00e9s vissza\u00e9l\u00e9sbejelent\u00e9s - Futureal\",\"isPartOf\":{\"@id\":\"https:\\\/\\\/www.futurealgroup.com\\\/hu\\\/#website\"},\"primaryImageOfPage\":{\"@id\":\"https:\\\/\\\/www.futurealgroup.com\\\/hu\\\/panasz-es-visszaelesbejelentes\\\/#primaryimage\"},\"image\":{\"@id\":\"https:\\\/\\\/www.futurealgroup.com\\\/hu\\\/panasz-es-visszaelesbejelentes\\\/#primaryimage\"},\"thumbnailUrl\":\"https:\\\/\\\/www.futurealgroup.com\\\/wp-content\\\/uploads\\\/2017\\\/06\\\/Vaci_uton_megy_tovabb_1920x400.jpg\",\"datePublished\":\"2025-12-09T14:09:38+00:00\",\"dateModified\":\"2025-12-11T12:36:34+00:00\",\"breadcrumb\":{\"@id\":\"https:\\\/\\\/www.futurealgroup.com\\\/hu\\\/panasz-es-visszaelesbejelentes\\\/#breadcrumb\"},\"inLanguage\":\"hu\",\"potentialAction\":[{\"@type\":\"ReadAction\",\"target\":[\"https:\\\/\\\/www.futurealgroup.com\\\/hu\\\/panasz-es-visszaelesbejelentes\\\/\"]}]},{\"@type\":\"ImageObject\",\"inLanguage\":\"hu\",\"@id\":\"https:\\\/\\\/www.futurealgroup.com\\\/hu\\\/panasz-es-visszaelesbejelentes\\\/#primaryimage\",\"url\":\"https:\\\/\\\/www.futurealgroup.com\\\/wp-content\\\/uploads\\\/2017\\\/06\\\/Vaci_uton_megy_tovabb_1920x400.jpg\",\"contentUrl\":\"https:\\\/\\\/www.futurealgroup.com\\\/wp-content\\\/uploads\\\/2017\\\/06\\\/Vaci_uton_megy_tovabb_1920x400.jpg\",\"width\":1920,\"height\":400},{\"@type\":\"BreadcrumbList\",\"@id\":\"https:\\\/\\\/www.futurealgroup.com\\\/hu\\\/panasz-es-visszaelesbejelentes\\\/#breadcrumb\",\"itemListElement\":[{\"@type\":\"ListItem\",\"position\":1,\"name\":\"Home\",\"item\":\"https:\\\/\\\/www.futurealgroup.com\\\/hu\\\/\"},{\"@type\":\"ListItem\",\"position\":2,\"name\":\"panasz \u00e9s vissza\u00e9l\u00e9sbejelent\u00e9s\"}]},{\"@type\":\"WebSite\",\"@id\":\"https:\\\/\\\/www.futurealgroup.com\\\/hu\\\/#website\",\"url\":\"https:\\\/\\\/www.futurealgroup.com\\\/hu\\\/\",\"name\":\"Futureal\",\"description\":\"Futureal Group\",\"publisher\":{\"@id\":\"https:\\\/\\\/www.futurealgroup.com\\\/hu\\\/#organization\"},\"potentialAction\":[{\"@type\":\"SearchAction\",\"target\":{\"@type\":\"EntryPoint\",\"urlTemplate\":\"https:\\\/\\\/www.futurealgroup.com\\\/hu\\\/?s={search_term_string}\"},\"query-input\":{\"@type\":\"PropertyValueSpecification\",\"valueRequired\":true,\"valueName\":\"search_term_string\"}}],\"inLanguage\":\"hu\"},{\"@type\":\"Organization\",\"@id\":\"https:\\\/\\\/www.futurealgroup.com\\\/hu\\\/#organization\",\"name\":\"Futureal Group\",\"url\":\"https:\\\/\\\/www.futurealgroup.com\\\/hu\\\/\",\"logo\":{\"@type\":\"ImageObject\",\"inLanguage\":\"hu\",\"@id\":\"https:\\\/\\\/www.futurealgroup.com\\\/hu\\\/#\\\/schema\\\/logo\\\/image\\\/\",\"url\":\"https:\\\/\\\/www.futurealgroup.com\\\/wp-content\\\/uploads\\\/2016\\\/11\\\/futureal_blue.png\",\"contentUrl\":\"https:\\\/\\\/www.futurealgroup.com\\\/wp-content\\\/uploads\\\/2016\\\/11\\\/futureal_blue.png\",\"width\":264,\"height\":26,\"caption\":\"Futureal Group\"},\"image\":{\"@id\":\"https:\\\/\\\/www.futurealgroup.com\\\/hu\\\/#\\\/schema\\\/logo\\\/image\\\/\"}}]}<\/script>\n<!-- \/ Yoast SEO plugin. -->","yoast_head_json":{"title":"panasz \u00e9s vissza\u00e9l\u00e9sbejelent\u00e9s - Futureal","robots":{"index":"index","follow":"follow","max-snippet":"max-snippet:-1","max-image-preview":"max-image-preview:large","max-video-preview":"max-video-preview:-1"},"canonical":"https:\/\/www.futurealgroup.com\/hu\/panasz-es-visszaelesbejelentes\/","og_locale":"hu_HU","og_type":"article","og_title":"panasz \u00e9s vissza\u00e9l\u00e9sbejelent\u00e9s - Futureal","og_url":"https:\/\/www.futurealgroup.com\/hu\/panasz-es-visszaelesbejelentes\/","og_site_name":"Futureal","article_modified_time":"2025-12-11T12:36:34+00:00","og_image":[{"width":1920,"height":400,"url":"https:\/\/www.futurealgroup.com\/wp-content\/uploads\/2017\/06\/Vaci_uton_megy_tovabb_1920x400.jpg","type":"image\/jpeg"}],"twitter_card":"summary_large_image","twitter_misc":{"Becs\u00fclt olvas\u00e1si id\u0151":"1 perc"},"schema":{"@context":"https:\/\/schema.org","@graph":[{"@type":"WebPage","@id":"https:\/\/www.futurealgroup.com\/hu\/panasz-es-visszaelesbejelentes\/","url":"https:\/\/www.futurealgroup.com\/hu\/panasz-es-visszaelesbejelentes\/","name":"panasz \u00e9s vissza\u00e9l\u00e9sbejelent\u00e9s - Futureal","isPartOf":{"@id":"https:\/\/www.futurealgroup.com\/hu\/#website"},"primaryImageOfPage":{"@id":"https:\/\/www.futurealgroup.com\/hu\/panasz-es-visszaelesbejelentes\/#primaryimage"},"image":{"@id":"https:\/\/www.futurealgroup.com\/hu\/panasz-es-visszaelesbejelentes\/#primaryimage"},"thumbnailUrl":"https:\/\/www.futurealgroup.com\/wp-content\/uploads\/2017\/06\/Vaci_uton_megy_tovabb_1920x400.jpg","datePublished":"2025-12-09T14:09:38+00:00","dateModified":"2025-12-11T12:36:34+00:00","breadcrumb":{"@id":"https:\/\/www.futurealgroup.com\/hu\/panasz-es-visszaelesbejelentes\/#breadcrumb"},"inLanguage":"hu","potentialAction":[{"@type":"ReadAction","target":["https:\/\/www.futurealgroup.com\/hu\/panasz-es-visszaelesbejelentes\/"]}]},{"@type":"ImageObject","inLanguage":"hu","@id":"https:\/\/www.futurealgroup.com\/hu\/panasz-es-visszaelesbejelentes\/#primaryimage","url":"https:\/\/www.futurealgroup.com\/wp-content\/uploads\/2017\/06\/Vaci_uton_megy_tovabb_1920x400.jpg","contentUrl":"https:\/\/www.futurealgroup.com\/wp-content\/uploads\/2017\/06\/Vaci_uton_megy_tovabb_1920x400.jpg","width":1920,"height":400},{"@type":"BreadcrumbList","@id":"https:\/\/www.futurealgroup.com\/hu\/panasz-es-visszaelesbejelentes\/#breadcrumb","itemListElement":[{"@type":"ListItem","position":1,"name":"Home","item":"https:\/\/www.futurealgroup.com\/hu\/"},{"@type":"ListItem","position":2,"name":"panasz \u00e9s vissza\u00e9l\u00e9sbejelent\u00e9s"}]},{"@type":"WebSite","@id":"https:\/\/www.futurealgroup.com\/hu\/#website","url":"https:\/\/www.futurealgroup.com\/hu\/","name":"Futureal","description":"Futureal Group","publisher":{"@id":"https:\/\/www.futurealgroup.com\/hu\/#organization"},"potentialAction":[{"@type":"SearchAction","target":{"@type":"EntryPoint","urlTemplate":"https:\/\/www.futurealgroup.com\/hu\/?s={search_term_string}"},"query-input":{"@type":"PropertyValueSpecification","valueRequired":true,"valueName":"search_term_string"}}],"inLanguage":"hu"},{"@type":"Organization","@id":"https:\/\/www.futurealgroup.com\/hu\/#organization","name":"Futureal Group","url":"https:\/\/www.futurealgroup.com\/hu\/","logo":{"@type":"ImageObject","inLanguage":"hu","@id":"https:\/\/www.futurealgroup.com\/hu\/#\/schema\/logo\/image\/","url":"https:\/\/www.futurealgroup.com\/wp-content\/uploads\/2016\/11\/futureal_blue.png","contentUrl":"https:\/\/www.futurealgroup.com\/wp-content\/uploads\/2016\/11\/futureal_blue.png","width":264,"height":26,"caption":"Futureal Group"},"image":{"@id":"https:\/\/www.futurealgroup.com\/hu\/#\/schema\/logo\/image\/"}}]}},"_links":{"self":[{"href":"https:\/\/www.futurealgroup.com\/hu\/wp-json\/wp\/v2\/pages\/16711","targetHints":{"allow":["GET"]}}],"collection":[{"href":"https:\/\/www.futurealgroup.com\/hu\/wp-json\/wp\/v2\/pages"}],"about":[{"href":"https:\/\/www.futurealgroup.com\/hu\/wp-json\/wp\/v2\/types\/page"}],"author":[{"embeddable":true,"href":"https:\/\/www.futurealgroup.com\/hu\/wp-json\/wp\/v2\/users\/1"}],"replies":[{"embeddable":true,"href":"https:\/\/www.futurealgroup.com\/hu\/wp-json\/wp\/v2\/comments?post=16711"}],"version-history":[{"count":2,"href":"https:\/\/www.futurealgroup.com\/hu\/wp-json\/wp\/v2\/pages\/16711\/revisions"}],"predecessor-version":[{"id":16737,"href":"https:\/\/www.futurealgroup.com\/hu\/wp-json\/wp\/v2\/pages\/16711\/revisions\/16737"}],"wp:featuredmedia":[{"embeddable":true,"href":"https:\/\/www.futurealgroup.com\/hu\/wp-json\/wp\/v2\/media\/3856"}],"wp:attachment":[{"href":"https:\/\/www.futurealgroup.com\/hu\/wp-json\/wp\/v2\/media?parent=16711"}],"curies":[{"name":"wp","href":"https:\/\/api.w.org\/{rel}","templated":true}]}}