{"id":5714,"date":"2018-09-26T13:12:00","date_gmt":"2018-09-26T13:12:00","guid":{"rendered":"https:\/\/www.futurealgroup.com\/?page_id=5714"},"modified":"2018-11-26T11:39:10","modified_gmt":"2018-11-26T11:39:10","slug":"palyazat","status":"publish","type":"page","link":"https:\/\/www.futurealgroup.com\/hu\/palyazat\/","title":{"rendered":"T\u00e9rplasztika, m\u0171alkot\u00e1s-csoport P\u00e1ly\u00e1zat"},"content":{"rendered":"<h2>A Futureal-csoport \u00e9s a Magyar K\u00e9pz\u0151m\u0171v\u00e9szeti Egyetem k\u00f6z\u00f6s p\u00e1ly\u00e1zata<\/h2>\n<p>A Corvin S\u00e9t\u00e1ny ikonikus m\u0171alkot\u00e1s\u00e1ra \u00edrt ki k\u00f6z\u00f6s p\u00e1ly\u00e1zatot a <strong>Futureal-csoport<\/strong> \u00e9s a <strong>Magyar K\u00e9pz\u0151m\u0171v\u00e9szeti Egyetem<\/strong>. A kiv\u00e1lasztott t\u00e9rplasztikai install\u00e1ci\u00f3t a Corvin Technology Park irodah\u00e1z el\u0151tti t\u00e9ren l\u00e1thatja majd a k\u00f6z\u00f6ns\u00e9g.<\/p>\n<p><strong>A p\u00e1ly\u00e1zat 2018. okt\u00f3ber 1-\u00e9n indul, a p\u00e1lyam\u0171vek beny\u00fajt\u00e1si hat\u00e1rideje 2018. november 30.<\/strong><\/p>\n<p>A Magyar K\u00e9pz\u0151m\u0171v\u00e9szeti Egyetem hallgat\u00f3it\u00f3l, valamint diplom\u00e1sait\u00f3l olyan kiemelked\u0151 m\u0171alkot\u00e1s-csoport l\u00e9trehoz\u00e1s\u00e1t v\u00e1rj\u00e1k a ki\u00edr\u00f3k, amely hangs\u00falyos r\u00e9sz\u00e9v\u00e9 v\u00e1lik a modern s\u00e9t\u00e1nynak, ugyanakkor eredeti \u00e9s interakt\u00edv m\u00f3don vonja be a j\u00e1r\u00f3kel\u0151ket.<\/p>\n<p>A p\u00e1ly\u00e1zat tov\u00e1bbi r\u00e9szletei itt olvashat\u00f3ak:<\/p>\n<p><strong><a href=\"https:\/\/www.futurealgroup.com\/wp-content\/uploads\/2018\/09\/Futureal_MKE_palyazati_kiiras_.pdf\" target=\"_blank\" rel=\"noopener\">P\u00e1ly\u00e1zati ki\u00edr\u00e1s<\/a><\/strong><br \/>\n<strong> <a href=\"https:\/\/www.futurealgroup.com\/wp-content\/uploads\/2018\/09\/Palyazati_kiiras_1.sz_melleklet_Palyazati_adatlap.pdf\" target=\"_blank\" rel=\"noopener\">1. sz. mell\u00e9klet: P\u00e1ly\u00e1zati adatlap<\/a><\/strong><br \/>\n<strong> <a href=\"https:\/\/www.futurealgroup.com\/wp-content\/uploads\/2018\/09\/Palyazati_kiiras_2.sz_melleklet_Jogszavatossagi_es_adatkezelesi_nyilatkozat.pdf\" target=\"_blank\" rel=\"noopener\">2. sz. mell\u00e9klet: Jogszavatoss\u00e1gi \u00e9s adatkezel\u00e9si nyilatkozat<\/a><\/strong><br \/>\n<strong> <a href=\"https:\/\/www.futurealgroup.com\/wp-content\/uploads\/2018\/09\/Palyazati_kiiras_3.sz_melleklet_Nyilvanossagi_nyilatkozat.pdf\" target=\"_blank\" rel=\"noopener\">3. sz. mell\u00e9klet: Nyilv\u00e1noss\u00e1gi nyilatkozat<\/a><\/strong><br \/>\n<strong> <a href=\"https:\/\/www.futurealgroup.com\/wp-content\/uploads\/2018\/09\/Palyazati_kiiras_4.sz_melleklet_Csoportos_palyazok_nyilatkozata.pdf\" target=\"_blank\" rel=\"noopener\">4. sz. mell\u00e9klet: Csoportos p\u00e1ly\u00e1z\u00f3k nyilatkozata<\/a><\/strong><br \/>\n<strong> <a href=\"https:\/\/www.futurealgroup.com\/wp-content\/uploads\/2018\/09\/Palyazati_kiiras_5.sz_mell\u00e9klet_Megvalosithatosagi_nyilatkozat.pdf\" target=\"_blank\" rel=\"noopener\">5. sz. mell\u00e9klet: Megval\u00f3s\u00edthat\u00f3s\u00e1gi nyilatkozat<\/a><\/strong><\/p>\n<p><strong><a href=\"https:\/\/www.futurealgroup.com\/wp-content\/uploads\/2018\/11\/Gyakran_ismetelt_kerdesek.pdf\" target=\"_blank\" rel=\"noopener\">Gyakran ism\u00e9telt k\u00e9rd\u00e9sek<\/a><\/strong><\/p>\n<p>A p\u00e1ly\u00e1zathoz kapcsol\u00f3d\u00f3 \u00e9p\u00edt\u00e9szeti tervdokument\u00e1ci\u00f3t <a href=\"https:\/\/futurealgroup.com\/Epitesz_tervdokumentacio.zip\"><strong>itt<\/strong><\/a> \u00e9ri el.<\/p>\n","protected":false},"excerpt":{"rendered":"<p>A Futureal-csoport \u00e9s a Magyar K\u00e9pz\u0151m\u0171v\u00e9szeti Egyetem k\u00f6z\u00f6s p\u00e1ly\u00e1zata A Corvin S\u00e9t\u00e1ny ikonikus m\u0171alkot\u00e1s\u00e1ra \u00edrt ki k\u00f6z\u00f6s p\u00e1ly\u00e1zatot a Futureal-csoport \u00e9s a Magyar K\u00e9pz\u0151m\u0171v\u00e9szeti Egyetem. A kiv\u00e1lasztott t\u00e9rplasztikai install\u00e1ci\u00f3t a Corvin Technology Park irodah\u00e1z el\u0151tti t\u00e9ren l\u00e1thatja majd a k\u00f6z\u00f6ns\u00e9g. A p\u00e1ly\u00e1zat 2018. okt\u00f3ber 1-\u00e9n indul, a p\u00e1lyam\u0171vek beny\u00fajt\u00e1si hat\u00e1rideje 2018. november 30. A Magyar [&hellip;]<\/p>\n","protected":false},"author":1,"featured_media":0,"parent":0,"menu_order":0,"comment_status":"closed","ping_status":"closed","template":"template-projects-single.php","meta":{"_acf_changed":false,"inline_featured_image":false,"footnotes":""},"class_list":["post-5714","page","type-page","status-publish","hentry"],"acf":[],"yoast_head":"<!-- This site is optimized with the Yoast SEO plugin v27.3 - https:\/\/yoast.com\/product\/yoast-seo-wordpress\/ -->\n<title>T\u00e9rplasztika, m\u0171alkot\u00e1s-csoport P\u00e1ly\u00e1zat - Futureal<\/title>\n<meta name=\"robots\" content=\"index, follow, max-snippet:-1, max-image-preview:large, max-video-preview:-1\" \/>\n<link rel=\"canonical\" href=\"https:\/\/www.futurealgroup.com\/hu\/palyazat\/\" \/>\n<meta property=\"og:locale\" content=\"hu_HU\" \/>\n<meta property=\"og:type\" content=\"article\" \/>\n<meta property=\"og:title\" content=\"T\u00e9rplasztika, m\u0171alkot\u00e1s-csoport P\u00e1ly\u00e1zat - Futureal\" \/>\n<meta property=\"og:description\" content=\"A Futureal-csoport \u00e9s a Magyar K\u00e9pz\u0151m\u0171v\u00e9szeti Egyetem k\u00f6z\u00f6s p\u00e1ly\u00e1zata A Corvin S\u00e9t\u00e1ny ikonikus m\u0171alkot\u00e1s\u00e1ra \u00edrt ki k\u00f6z\u00f6s p\u00e1ly\u00e1zatot a Futureal-csoport \u00e9s a Magyar K\u00e9pz\u0151m\u0171v\u00e9szeti Egyetem. A kiv\u00e1lasztott t\u00e9rplasztikai install\u00e1ci\u00f3t a Corvin Technology Park irodah\u00e1z el\u0151tti t\u00e9ren l\u00e1thatja majd a k\u00f6z\u00f6ns\u00e9g. A p\u00e1ly\u00e1zat 2018. okt\u00f3ber 1-\u00e9n indul, a p\u00e1lyam\u0171vek beny\u00fajt\u00e1si hat\u00e1rideje 2018. november 30. A Magyar [&hellip;]\" \/>\n<meta property=\"og:url\" content=\"https:\/\/www.futurealgroup.com\/hu\/palyazat\/\" \/>\n<meta property=\"og:site_name\" content=\"Futureal\" \/>\n<meta property=\"article:modified_time\" content=\"2018-11-26T11:39:10+00:00\" \/>\n<meta name=\"twitter:card\" content=\"summary_large_image\" \/>\n<meta name=\"twitter:label1\" content=\"Becs\u00fclt olvas\u00e1si id\u0151\" \/>\n\t<meta name=\"twitter:data1\" content=\"1 perc\" \/>\n<script type=\"application\/ld+json\" class=\"yoast-schema-graph\">{\"@context\":\"https:\\\/\\\/schema.org\",\"@graph\":[{\"@type\":\"WebPage\",\"@id\":\"https:\\\/\\\/www.futurealgroup.com\\\/hu\\\/palyazat\\\/\",\"url\":\"https:\\\/\\\/www.futurealgroup.com\\\/hu\\\/palyazat\\\/\",\"name\":\"T\u00e9rplasztika, m\u0171alkot\u00e1s-csoport P\u00e1ly\u00e1zat - Futureal\",\"isPartOf\":{\"@id\":\"https:\\\/\\\/www.futurealgroup.com\\\/hu\\\/#website\"},\"datePublished\":\"2018-09-26T13:12:00+00:00\",\"dateModified\":\"2018-11-26T11:39:10+00:00\",\"breadcrumb\":{\"@id\":\"https:\\\/\\\/www.futurealgroup.com\\\/hu\\\/palyazat\\\/#breadcrumb\"},\"inLanguage\":\"hu\",\"potentialAction\":[{\"@type\":\"ReadAction\",\"target\":[\"https:\\\/\\\/www.futurealgroup.com\\\/hu\\\/palyazat\\\/\"]}]},{\"@type\":\"BreadcrumbList\",\"@id\":\"https:\\\/\\\/www.futurealgroup.com\\\/hu\\\/palyazat\\\/#breadcrumb\",\"itemListElement\":[{\"@type\":\"ListItem\",\"position\":1,\"name\":\"Home\",\"item\":\"https:\\\/\\\/www.futurealgroup.com\\\/hu\\\/\"},{\"@type\":\"ListItem\",\"position\":2,\"name\":\"T\u00e9rplasztika, m\u0171alkot\u00e1s-csoport P\u00e1ly\u00e1zat\"}]},{\"@type\":\"WebSite\",\"@id\":\"https:\\\/\\\/www.futurealgroup.com\\\/hu\\\/#website\",\"url\":\"https:\\\/\\\/www.futurealgroup.com\\\/hu\\\/\",\"name\":\"Futureal\",\"description\":\"Futureal Group\",\"publisher\":{\"@id\":\"https:\\\/\\\/www.futurealgroup.com\\\/hu\\\/#organization\"},\"potentialAction\":[{\"@type\":\"SearchAction\",\"target\":{\"@type\":\"EntryPoint\",\"urlTemplate\":\"https:\\\/\\\/www.futurealgroup.com\\\/hu\\\/?s={search_term_string}\"},\"query-input\":{\"@type\":\"PropertyValueSpecification\",\"valueRequired\":true,\"valueName\":\"search_term_string\"}}],\"inLanguage\":\"hu\"},{\"@type\":\"Organization\",\"@id\":\"https:\\\/\\\/www.futurealgroup.com\\\/hu\\\/#organization\",\"name\":\"Futureal Group\",\"url\":\"https:\\\/\\\/www.futurealgroup.com\\\/hu\\\/\",\"logo\":{\"@type\":\"ImageObject\",\"inLanguage\":\"hu\",\"@id\":\"https:\\\/\\\/www.futurealgroup.com\\\/hu\\\/#\\\/schema\\\/logo\\\/image\\\/\",\"url\":\"https:\\\/\\\/www.futurealgroup.com\\\/wp-content\\\/uploads\\\/2016\\\/11\\\/futureal_blue.png\",\"contentUrl\":\"https:\\\/\\\/www.futurealgroup.com\\\/wp-content\\\/uploads\\\/2016\\\/11\\\/futureal_blue.png\",\"width\":264,\"height\":26,\"caption\":\"Futureal Group\"},\"image\":{\"@id\":\"https:\\\/\\\/www.futurealgroup.com\\\/hu\\\/#\\\/schema\\\/logo\\\/image\\\/\"}}]}<\/script>\n<!-- \/ Yoast SEO plugin. -->","yoast_head_json":{"title":"T\u00e9rplasztika, m\u0171alkot\u00e1s-csoport P\u00e1ly\u00e1zat - Futureal","robots":{"index":"index","follow":"follow","max-snippet":"max-snippet:-1","max-image-preview":"max-image-preview:large","max-video-preview":"max-video-preview:-1"},"canonical":"https:\/\/www.futurealgroup.com\/hu\/palyazat\/","og_locale":"hu_HU","og_type":"article","og_title":"T\u00e9rplasztika, m\u0171alkot\u00e1s-csoport P\u00e1ly\u00e1zat - Futureal","og_description":"A Futureal-csoport \u00e9s a Magyar K\u00e9pz\u0151m\u0171v\u00e9szeti Egyetem k\u00f6z\u00f6s p\u00e1ly\u00e1zata A Corvin S\u00e9t\u00e1ny ikonikus m\u0171alkot\u00e1s\u00e1ra \u00edrt ki k\u00f6z\u00f6s p\u00e1ly\u00e1zatot a Futureal-csoport \u00e9s a Magyar K\u00e9pz\u0151m\u0171v\u00e9szeti Egyetem. A kiv\u00e1lasztott t\u00e9rplasztikai install\u00e1ci\u00f3t a Corvin Technology Park irodah\u00e1z el\u0151tti t\u00e9ren l\u00e1thatja majd a k\u00f6z\u00f6ns\u00e9g. A p\u00e1ly\u00e1zat 2018. okt\u00f3ber 1-\u00e9n indul, a p\u00e1lyam\u0171vek beny\u00fajt\u00e1si hat\u00e1rideje 2018. november 30. A Magyar [&hellip;]","og_url":"https:\/\/www.futurealgroup.com\/hu\/palyazat\/","og_site_name":"Futureal","article_modified_time":"2018-11-26T11:39:10+00:00","twitter_card":"summary_large_image","twitter_misc":{"Becs\u00fclt olvas\u00e1si id\u0151":"1 perc"},"schema":{"@context":"https:\/\/schema.org","@graph":[{"@type":"WebPage","@id":"https:\/\/www.futurealgroup.com\/hu\/palyazat\/","url":"https:\/\/www.futurealgroup.com\/hu\/palyazat\/","name":"T\u00e9rplasztika, m\u0171alkot\u00e1s-csoport P\u00e1ly\u00e1zat - Futureal","isPartOf":{"@id":"https:\/\/www.futurealgroup.com\/hu\/#website"},"datePublished":"2018-09-26T13:12:00+00:00","dateModified":"2018-11-26T11:39:10+00:00","breadcrumb":{"@id":"https:\/\/www.futurealgroup.com\/hu\/palyazat\/#breadcrumb"},"inLanguage":"hu","potentialAction":[{"@type":"ReadAction","target":["https:\/\/www.futurealgroup.com\/hu\/palyazat\/"]}]},{"@type":"BreadcrumbList","@id":"https:\/\/www.futurealgroup.com\/hu\/palyazat\/#breadcrumb","itemListElement":[{"@type":"ListItem","position":1,"name":"Home","item":"https:\/\/www.futurealgroup.com\/hu\/"},{"@type":"ListItem","position":2,"name":"T\u00e9rplasztika, m\u0171alkot\u00e1s-csoport P\u00e1ly\u00e1zat"}]},{"@type":"WebSite","@id":"https:\/\/www.futurealgroup.com\/hu\/#website","url":"https:\/\/www.futurealgroup.com\/hu\/","name":"Futureal","description":"Futureal Group","publisher":{"@id":"https:\/\/www.futurealgroup.com\/hu\/#organization"},"potentialAction":[{"@type":"SearchAction","target":{"@type":"EntryPoint","urlTemplate":"https:\/\/www.futurealgroup.com\/hu\/?s={search_term_string}"},"query-input":{"@type":"PropertyValueSpecification","valueRequired":true,"valueName":"search_term_string"}}],"inLanguage":"hu"},{"@type":"Organization","@id":"https:\/\/www.futurealgroup.com\/hu\/#organization","name":"Futureal Group","url":"https:\/\/www.futurealgroup.com\/hu\/","logo":{"@type":"ImageObject","inLanguage":"hu","@id":"https:\/\/www.futurealgroup.com\/hu\/#\/schema\/logo\/image\/","url":"https:\/\/www.futurealgroup.com\/wp-content\/uploads\/2016\/11\/futureal_blue.png","contentUrl":"https:\/\/www.futurealgroup.com\/wp-content\/uploads\/2016\/11\/futureal_blue.png","width":264,"height":26,"caption":"Futureal Group"},"image":{"@id":"https:\/\/www.futurealgroup.com\/hu\/#\/schema\/logo\/image\/"}}]}},"_links":{"self":[{"href":"https:\/\/www.futurealgroup.com\/hu\/wp-json\/wp\/v2\/pages\/5714","targetHints":{"allow":["GET"]}}],"collection":[{"href":"https:\/\/www.futurealgroup.com\/hu\/wp-json\/wp\/v2\/pages"}],"about":[{"href":"https:\/\/www.futurealgroup.com\/hu\/wp-json\/wp\/v2\/types\/page"}],"author":[{"embeddable":true,"href":"https:\/\/www.futurealgroup.com\/hu\/wp-json\/wp\/v2\/users\/1"}],"replies":[{"embeddable":true,"href":"https:\/\/www.futurealgroup.com\/hu\/wp-json\/wp\/v2\/comments?post=5714"}],"version-history":[{"count":18,"href":"https:\/\/www.futurealgroup.com\/hu\/wp-json\/wp\/v2\/pages\/5714\/revisions"}],"predecessor-version":[{"id":6312,"href":"https:\/\/www.futurealgroup.com\/hu\/wp-json\/wp\/v2\/pages\/5714\/revisions\/6312"}],"wp:attachment":[{"href":"https:\/\/www.futurealgroup.com\/hu\/wp-json\/wp\/v2\/media?parent=5714"}],"curies":[{"name":"wp","href":"https:\/\/api.w.org\/{rel}","templated":true}]}}