{"id":9369,"date":"2021-02-18T10:01:39","date_gmt":"2021-02-18T10:01:39","guid":{"rendered":"https:\/\/www.futurealgroup.com\/?page_id=9369"},"modified":"2026-04-02T10:08:05","modified_gmt":"2026-04-02T08:08:05","slug":"futureal-holding","status":"publish","type":"page","link":"https:\/\/www.futurealgroup.com\/hu\/futureal-holding\/","title":{"rendered":"Futureal Holding"},"content":{"rendered":"","protected":false},"excerpt":{"rendered":"","protected":false},"author":1,"featured_media":10707,"parent":0,"menu_order":0,"comment_status":"closed","ping_status":"closed","template":"template-investor-relations.php","meta":{"_acf_changed":false,"inline_featured_image":false,"footnotes":""},"class_list":["post-9369","page","type-page","status-publish","has-post-thumbnail","hentry"],"acf":[],"yoast_head":"<!-- This site is optimized with the Yoast SEO plugin v27.1.1 - https:\/\/yoast.com\/product\/yoast-seo-wordpress\/ -->\n<title>Futureal Holding - Futureal<\/title>\n<meta name=\"robots\" content=\"index, follow, max-snippet:-1, max-image-preview:large, max-video-preview:-1\" \/>\n<link rel=\"canonical\" href=\"https:\/\/www.futurealgroup.com\/hu\/futureal-holding\/\" \/>\n<meta property=\"og:locale\" content=\"hu_HU\" \/>\n<meta property=\"og:type\" content=\"article\" \/>\n<meta property=\"og:title\" content=\"Futureal Holding - Futureal\" \/>\n<meta property=\"og:url\" content=\"https:\/\/www.futurealgroup.com\/hu\/futureal-holding\/\" \/>\n<meta property=\"og:site_name\" content=\"Futureal\" \/>\n<meta property=\"article:modified_time\" content=\"2026-04-02T08:08:05+00:00\" \/>\n<meta property=\"og:image\" content=\"https:\/\/www.futurealgroup.com\/wp-content\/uploads\/2021\/11\/Uj-projekt-29.jpg\" \/>\n\t<meta property=\"og:image:width\" content=\"1920\" \/>\n\t<meta property=\"og:image:height\" content=\"1080\" \/>\n\t<meta property=\"og:image:type\" content=\"image\/jpeg\" \/>\n<meta name=\"twitter:card\" content=\"summary_large_image\" \/>\n<meta name=\"twitter:label1\" content=\"Becs\u00fclt olvas\u00e1si id\u0151\" \/>\n\t<meta name=\"twitter:data1\" content=\"1 perc\" \/>\n<script type=\"application\/ld+json\" class=\"yoast-schema-graph\">{\"@context\":\"https:\/\/schema.org\",\"@graph\":[{\"@type\":\"WebPage\",\"@id\":\"https:\/\/www.futurealgroup.com\/hu\/futureal-holding\/\",\"url\":\"https:\/\/www.futurealgroup.com\/hu\/futureal-holding\/\",\"name\":\"Futureal Holding - Futureal\",\"isPartOf\":{\"@id\":\"https:\/\/www.futurealgroup.com\/hu\/#website\"},\"primaryImageOfPage\":{\"@id\":\"https:\/\/www.futurealgroup.com\/hu\/futureal-holding\/#primaryimage\"},\"image\":{\"@id\":\"https:\/\/www.futurealgroup.com\/hu\/futureal-holding\/#primaryimage\"},\"thumbnailUrl\":\"https:\/\/www.futurealgroup.com\/wp-content\/uploads\/2021\/11\/Uj-projekt-29.jpg\",\"datePublished\":\"2021-02-18T10:01:39+00:00\",\"dateModified\":\"2026-04-02T08:08:05+00:00\",\"breadcrumb\":{\"@id\":\"https:\/\/www.futurealgroup.com\/hu\/futureal-holding\/#breadcrumb\"},\"inLanguage\":\"hu\",\"potentialAction\":[{\"@type\":\"ReadAction\",\"target\":[\"https:\/\/www.futurealgroup.com\/hu\/futureal-holding\/\"]}]},{\"@type\":\"ImageObject\",\"inLanguage\":\"hu\",\"@id\":\"https:\/\/www.futurealgroup.com\/hu\/futureal-holding\/#primaryimage\",\"url\":\"https:\/\/www.futurealgroup.com\/wp-content\/uploads\/2021\/11\/Uj-projekt-29.jpg\",\"contentUrl\":\"https:\/\/www.futurealgroup.com\/wp-content\/uploads\/2021\/11\/Uj-projekt-29.jpg\",\"width\":1920,\"height\":1080},{\"@type\":\"BreadcrumbList\",\"@id\":\"https:\/\/www.futurealgroup.com\/hu\/futureal-holding\/#breadcrumb\",\"itemListElement\":[{\"@type\":\"ListItem\",\"position\":1,\"name\":\"Home\",\"item\":\"https:\/\/www.futurealgroup.com\/hu\/\"},{\"@type\":\"ListItem\",\"position\":2,\"name\":\"Futureal Holding\"}]},{\"@type\":\"WebSite\",\"@id\":\"https:\/\/www.futurealgroup.com\/hu\/#website\",\"url\":\"https:\/\/www.futurealgroup.com\/hu\/\",\"name\":\"Futureal\",\"description\":\"Futureal Group\",\"publisher\":{\"@id\":\"https:\/\/www.futurealgroup.com\/hu\/#organization\"},\"potentialAction\":[{\"@type\":\"SearchAction\",\"target\":{\"@type\":\"EntryPoint\",\"urlTemplate\":\"https:\/\/www.futurealgroup.com\/hu\/?s={search_term_string}\"},\"query-input\":{\"@type\":\"PropertyValueSpecification\",\"valueRequired\":true,\"valueName\":\"search_term_string\"}}],\"inLanguage\":\"hu\"},{\"@type\":\"Organization\",\"@id\":\"https:\/\/www.futurealgroup.com\/hu\/#organization\",\"name\":\"Futureal Group\",\"url\":\"https:\/\/www.futurealgroup.com\/hu\/\",\"logo\":{\"@type\":\"ImageObject\",\"inLanguage\":\"hu\",\"@id\":\"https:\/\/www.futurealgroup.com\/hu\/#\/schema\/logo\/image\/\",\"url\":\"https:\/\/www.futurealgroup.com\/wp-content\/uploads\/2016\/11\/futureal_blue.png\",\"contentUrl\":\"https:\/\/www.futurealgroup.com\/wp-content\/uploads\/2016\/11\/futureal_blue.png\",\"width\":264,\"height\":26,\"caption\":\"Futureal Group\"},\"image\":{\"@id\":\"https:\/\/www.futurealgroup.com\/hu\/#\/schema\/logo\/image\/\"}}]}<\/script>\n<!-- \/ Yoast SEO plugin. -->","yoast_head_json":{"title":"Futureal Holding - Futureal","robots":{"index":"index","follow":"follow","max-snippet":"max-snippet:-1","max-image-preview":"max-image-preview:large","max-video-preview":"max-video-preview:-1"},"canonical":"https:\/\/www.futurealgroup.com\/hu\/futureal-holding\/","og_locale":"hu_HU","og_type":"article","og_title":"Futureal Holding - Futureal","og_url":"https:\/\/www.futurealgroup.com\/hu\/futureal-holding\/","og_site_name":"Futureal","article_modified_time":"2026-04-02T08:08:05+00:00","og_image":[{"width":1920,"height":1080,"url":"https:\/\/www.futurealgroup.com\/wp-content\/uploads\/2021\/11\/Uj-projekt-29.jpg","type":"image\/jpeg"}],"twitter_card":"summary_large_image","twitter_misc":{"Becs\u00fclt olvas\u00e1si id\u0151":"1 perc"},"schema":{"@context":"https:\/\/schema.org","@graph":[{"@type":"WebPage","@id":"https:\/\/www.futurealgroup.com\/hu\/futureal-holding\/","url":"https:\/\/www.futurealgroup.com\/hu\/futureal-holding\/","name":"Futureal Holding - Futureal","isPartOf":{"@id":"https:\/\/www.futurealgroup.com\/hu\/#website"},"primaryImageOfPage":{"@id":"https:\/\/www.futurealgroup.com\/hu\/futureal-holding\/#primaryimage"},"image":{"@id":"https:\/\/www.futurealgroup.com\/hu\/futureal-holding\/#primaryimage"},"thumbnailUrl":"https:\/\/www.futurealgroup.com\/wp-content\/uploads\/2021\/11\/Uj-projekt-29.jpg","datePublished":"2021-02-18T10:01:39+00:00","dateModified":"2026-04-02T08:08:05+00:00","breadcrumb":{"@id":"https:\/\/www.futurealgroup.com\/hu\/futureal-holding\/#breadcrumb"},"inLanguage":"hu","potentialAction":[{"@type":"ReadAction","target":["https:\/\/www.futurealgroup.com\/hu\/futureal-holding\/"]}]},{"@type":"ImageObject","inLanguage":"hu","@id":"https:\/\/www.futurealgroup.com\/hu\/futureal-holding\/#primaryimage","url":"https:\/\/www.futurealgroup.com\/wp-content\/uploads\/2021\/11\/Uj-projekt-29.jpg","contentUrl":"https:\/\/www.futurealgroup.com\/wp-content\/uploads\/2021\/11\/Uj-projekt-29.jpg","width":1920,"height":1080},{"@type":"BreadcrumbList","@id":"https:\/\/www.futurealgroup.com\/hu\/futureal-holding\/#breadcrumb","itemListElement":[{"@type":"ListItem","position":1,"name":"Home","item":"https:\/\/www.futurealgroup.com\/hu\/"},{"@type":"ListItem","position":2,"name":"Futureal Holding"}]},{"@type":"WebSite","@id":"https:\/\/www.futurealgroup.com\/hu\/#website","url":"https:\/\/www.futurealgroup.com\/hu\/","name":"Futureal","description":"Futureal Group","publisher":{"@id":"https:\/\/www.futurealgroup.com\/hu\/#organization"},"potentialAction":[{"@type":"SearchAction","target":{"@type":"EntryPoint","urlTemplate":"https:\/\/www.futurealgroup.com\/hu\/?s={search_term_string}"},"query-input":{"@type":"PropertyValueSpecification","valueRequired":true,"valueName":"search_term_string"}}],"inLanguage":"hu"},{"@type":"Organization","@id":"https:\/\/www.futurealgroup.com\/hu\/#organization","name":"Futureal Group","url":"https:\/\/www.futurealgroup.com\/hu\/","logo":{"@type":"ImageObject","inLanguage":"hu","@id":"https:\/\/www.futurealgroup.com\/hu\/#\/schema\/logo\/image\/","url":"https:\/\/www.futurealgroup.com\/wp-content\/uploads\/2016\/11\/futureal_blue.png","contentUrl":"https:\/\/www.futurealgroup.com\/wp-content\/uploads\/2016\/11\/futureal_blue.png","width":264,"height":26,"caption":"Futureal Group"},"image":{"@id":"https:\/\/www.futurealgroup.com\/hu\/#\/schema\/logo\/image\/"}}]}},"_links":{"self":[{"href":"https:\/\/www.futurealgroup.com\/hu\/wp-json\/wp\/v2\/pages\/9369","targetHints":{"allow":["GET"]}}],"collection":[{"href":"https:\/\/www.futurealgroup.com\/hu\/wp-json\/wp\/v2\/pages"}],"about":[{"href":"https:\/\/www.futurealgroup.com\/hu\/wp-json\/wp\/v2\/types\/page"}],"author":[{"embeddable":true,"href":"https:\/\/www.futurealgroup.com\/hu\/wp-json\/wp\/v2\/users\/1"}],"replies":[{"embeddable":true,"href":"https:\/\/www.futurealgroup.com\/hu\/wp-json\/wp\/v2\/comments?post=9369"}],"version-history":[{"count":98,"href":"https:\/\/www.futurealgroup.com\/hu\/wp-json\/wp\/v2\/pages\/9369\/revisions"}],"predecessor-version":[{"id":18222,"href":"https:\/\/www.futurealgroup.com\/hu\/wp-json\/wp\/v2\/pages\/9369\/revisions\/18222"}],"wp:featuredmedia":[{"embeddable":true,"href":"https:\/\/www.futurealgroup.com\/hu\/wp-json\/wp\/v2\/media\/10707"}],"wp:attachment":[{"href":"https:\/\/www.futurealgroup.com\/hu\/wp-json\/wp\/v2\/media?parent=9369"}],"curies":[{"name":"wp","href":"https:\/\/api.w.org\/{rel}","templated":true}]}}